{"id":20290,"date":"2025-03-20T13:30:16","date_gmt":"2025-03-20T11:30:16","guid":{"rendered":"https:\/\/britepayments.com\/privacy\/"},"modified":"2026-02-12T15:52:45","modified_gmt":"2026-02-12T13:52:45","slug":"privacy","status":"publish","type":"page","link":"https:\/\/britepayments.com\/be-fr\/privacy\/","title":{"rendered":"Privacy Commitment"},"content":{"rendered":"\t\t<div data-elementor-type=\"wp-page\" data-elementor-id=\"20290\" class=\"elementor elementor-20290 elementor-19562\" data-elementor-post-type=\"page\">\n\t\t\t\t\t\t<section class=\"elementor-section elementor-top-section elementor-element elementor-element-a296612 elementor-section-boxed elementor-section-height-default elementor-section-height-default wpr-particle-no wpr-jarallax-no wpr-parallax-no wpr-sticky-section-no\" data-id=\"a296612\" data-element_type=\"section\" data-e-type=\"section\" data-settings=\"{&quot;background_background&quot;:&quot;classic&quot;}\">\n\t\t\t\t\t\t<div class=\"elementor-container elementor-column-gap-default\">\n\t\t\t\t\t<div class=\"elementor-column elementor-col-100 elementor-top-column elementor-element elementor-element-442d3ab\" data-id=\"442d3ab\" data-element_type=\"column\" data-e-type=\"column\">\n\t\t\t<div class=\"elementor-widget-wrap elementor-element-populated\">\n\t\t\t\t\t\t<div class=\"elementor-element elementor-element-62037f5 elementor-widget elementor-widget-heading\" data-id=\"62037f5\" data-element_type=\"widget\" data-e-type=\"widget\" data-widget_type=\"heading.default\">\n\t\t\t\t<div class=\"elementor-widget-container\">\n\t\t\t\t\t<h1 class=\"elementor-heading-title elementor-size-default\">Engagement de Brite en mati\u00e8re de confidentialit\u00e9<\/h1>\t\t\t\t<\/div>\n\t\t\t\t<\/div>\n\t\t\t\t\t<\/div>\n\t\t<\/div>\n\t\t\t\t\t<\/div>\n\t\t<\/section>\n\t\t\t\t<section class=\"elementor-section elementor-top-section elementor-element elementor-element-d7ef35a elementor-section-boxed elementor-section-height-default elementor-section-height-default wpr-particle-no wpr-jarallax-no wpr-parallax-no wpr-sticky-section-no\" data-id=\"d7ef35a\" data-element_type=\"section\" data-e-type=\"section\">\n\t\t\t\t\t\t<div class=\"elementor-container elementor-column-gap-default\">\n\t\t\t\t\t<div class=\"elementor-column elementor-col-100 elementor-top-column elementor-element elementor-element-196dc22\" data-id=\"196dc22\" data-element_type=\"column\" data-e-type=\"column\">\n\t\t\t<div class=\"elementor-widget-wrap elementor-element-populated\">\n\t\t\t\t\t\t<section class=\"elementor-section elementor-inner-section elementor-element elementor-element-c8bbf20 elementor-section-full_width elementor-section-height-default elementor-section-height-default wpr-particle-no wpr-jarallax-no wpr-parallax-no wpr-sticky-section-no\" data-id=\"c8bbf20\" data-element_type=\"section\" data-e-type=\"section\">\n\t\t\t\t\t\t<div class=\"elementor-container elementor-column-gap-default\">\n\t\t\t\t\t<div class=\"elementor-column elementor-col-50 elementor-inner-column elementor-element elementor-element-57457b0\" data-id=\"57457b0\" data-element_type=\"column\" data-e-type=\"column\">\n\t\t\t<div class=\"elementor-widget-wrap elementor-element-populated\">\n\t\t\t\t\t\t<div class=\"elementor-element elementor-element-bc74524 elementor-widget elementor-widget-image\" data-id=\"bc74524\" data-element_type=\"widget\" data-e-type=\"widget\" data-widget_type=\"image.default\">\n\t\t\t\t<div class=\"elementor-widget-container\">\n\t\t\t\t\t\t\t\t\t\t\t\t\t\t\t<img fetchpriority=\"high\" decoding=\"async\" width=\"833\" height=\"833\" src=\"https:\/\/britepayments.com\/wp-content\/uploads\/2025\/03\/Brite_Illo_22_AIS_Lilac-5.png\" class=\"attachment-full size-full wp-image-19563\" alt=\"\" srcset=\"https:\/\/britepayments.com\/wp-content\/uploads\/2025\/03\/Brite_Illo_22_AIS_Lilac-5.png 833w, https:\/\/britepayments.com\/wp-content\/uploads\/2025\/03\/Brite_Illo_22_AIS_Lilac-5-300x300.png 300w, https:\/\/britepayments.com\/wp-content\/uploads\/2025\/03\/Brite_Illo_22_AIS_Lilac-5-150x150.png 150w, https:\/\/britepayments.com\/wp-content\/uploads\/2025\/03\/Brite_Illo_22_AIS_Lilac-5-768x768.png 768w\" sizes=\"(max-width: 833px) 100vw, 833px\" \/>\t\t\t\t\t\t\t\t\t\t\t\t\t\t\t<\/div>\n\t\t\t\t<\/div>\n\t\t\t\t\t<\/div>\n\t\t<\/div>\n\t\t\t\t<div class=\"elementor-column elementor-col-50 elementor-inner-column elementor-element elementor-element-a9fc5e8\" data-id=\"a9fc5e8\" data-element_type=\"column\" data-e-type=\"column\">\n\t\t\t<div class=\"elementor-widget-wrap elementor-element-populated\">\n\t\t\t\t\t\t<div class=\"elementor-element elementor-element-33fdfcc elementor-widget-mobile__width-inherit elementor-widget elementor-widget-heading\" data-id=\"33fdfcc\" data-element_type=\"widget\" data-e-type=\"widget\" data-widget_type=\"heading.default\">\n\t\t\t\t<div class=\"elementor-widget-container\">\n\t\t\t\t\t<h2 class=\"elementor-heading-title elementor-size-default\">La confidentialit\u00e9 est importante pour nous et nous prenons votre vie priv\u00e9e au s\u00e9rieux.<\/h2>\t\t\t\t<\/div>\n\t\t\t\t<\/div>\n\t\t\t\t<div class=\"elementor-element elementor-element-f822e02 elementor-widget-mobile__width-inherit elementor-widget elementor-widget-heading\" data-id=\"f822e02\" data-element_type=\"widget\" data-e-type=\"widget\" data-widget_type=\"heading.default\">\n\t\t\t\t<div class=\"elementor-widget-container\">\n\t\t\t\t\t<h2 class=\"elementor-heading-title elementor-size-default\">Nous nous engageons \u00e0 vous fournir des informations claires et transparentes sur :<\/h2>\t\t\t\t<\/div>\n\t\t\t\t<\/div>\n\t\t\t\t<div class=\"elementor-element elementor-element-59e172a elementor-widget-mobile__width-inherit elementor-widget elementor-widget-text-editor\" data-id=\"59e172a\" data-element_type=\"widget\" data-e-type=\"widget\" data-widget_type=\"text-editor.default\">\n\t\t\t\t<div class=\"elementor-widget-container\">\n\t\t\t\t\t\t\t\t\t<ul class=\"wp-block-list\">\r\n \t<li class=\"has-body-md-font-size\">les donn\u00e9es personnelles que nous traitons \u00e0 votre sujet,<\/li>\r\n \t<li class=\"has-body-md-font-size\">pourquoi et comment nous le faisons,<\/li>\r\n \t<li class=\"has-body-md-font-size\">quels droits vous avez,<\/li>\r\n \t<li class=\"has-body-md-font-size\">d\u2019o\u00f9 elles proviennent,<\/li>\r\n \t<li class=\"has-body-md-font-size\">qui est impliqu\u00e9,<\/li>\r\n \t<li class=\"has-body-md-font-size\">et comment il est l\u00e9gal pour nous de le faire.<\/li>\r\n<\/ul>\t\t\t\t\t\t\t\t<\/div>\n\t\t\t\t<\/div>\n\t\t\t\t<div class=\"elementor-element elementor-element-8baf486 elementor-widget-mobile__width-inherit elementor-widget elementor-widget-text-editor\" data-id=\"8baf486\" data-element_type=\"widget\" data-e-type=\"widget\" data-widget_type=\"text-editor.default\">\n\t\t\t\t<div class=\"elementor-widget-container\">\n\t\t\t\t\t\t\t\t\tNous avons cr\u00e9\u00e9 cette page pour que vous puissiez naviguer dans nos Avis de Confidentialit\u00e9 et en savoir plus sur la mani\u00e8re dont nous traitons vos donn\u00e9es personnelles et ce que nous faisons pour les garder en s\u00e9curit\u00e9.\r\n\r\n\t\t\t\t\t\t\t\t<\/div>\n\t\t\t\t<\/div>\n\t\t\t\t\t<\/div>\n\t\t<\/div>\n\t\t\t\t\t<\/div>\n\t\t<\/section>\n\t\t\t\t<div class=\"elementor-element elementor-element-b13e3a7 elementor-widget elementor-widget-spacer\" data-id=\"b13e3a7\" data-element_type=\"widget\" data-e-type=\"widget\" data-widget_type=\"spacer.default\">\n\t\t\t\t<div class=\"elementor-widget-container\">\n\t\t\t\t\t\t\t<div class=\"elementor-spacer\">\n\t\t\t<div class=\"elementor-spacer-inner\"><\/div>\n\t\t<\/div>\n\t\t\t\t\t\t<\/div>\n\t\t\t\t<\/div>\n\t\t\t\t<div class=\"elementor-element elementor-element-6dadbf9 elementor-widget-mobile__width-inherit elementor-widget elementor-widget-text-editor\" data-id=\"6dadbf9\" data-element_type=\"widget\" data-e-type=\"widget\" data-widget_type=\"text-editor.default\">\n\t\t\t\t<div class=\"elementor-widget-container\">\n\t\t\t\t\t\t\t\t\tVos donn\u00e9es \u2013 notre responsabilit\u00e9\r\n\t\t\t\t\t\t\t\t<\/div>\n\t\t\t\t<\/div>\n\t\t\t\t<div class=\"elementor-element elementor-element-d896543 elementor-widget-mobile__width-inherit elementor-widget elementor-widget-text-editor\" data-id=\"d896543\" data-element_type=\"widget\" data-e-type=\"widget\" data-widget_type=\"text-editor.default\">\n\t\t\t\t<div class=\"elementor-widget-container\">\n\t\t\t\t\t\t\t\t\t<p>Vos donn\u00e9es personnelles vous appartiennent et il est tr\u00e8s important pour nous que vous compreniez quelles donn\u00e9es personnelles nous recueillons \u00e0 votre sujet, comment nous les recueillons et pourquoi cela est n\u00e9cessaire.<\/p>\n\t\t\t\t\t\t\t\t<\/div>\n\t\t\t\t<\/div>\n\t\t\t\t<div class=\"elementor-element elementor-element-a3d478d elementor-widget elementor-widget-spacer\" data-id=\"a3d478d\" data-element_type=\"widget\" data-e-type=\"widget\" data-widget_type=\"spacer.default\">\n\t\t\t\t<div class=\"elementor-widget-container\">\n\t\t\t\t\t\t\t<div class=\"elementor-spacer\">\n\t\t\t<div class=\"elementor-spacer-inner\"><\/div>\n\t\t<\/div>\n\t\t\t\t\t\t<\/div>\n\t\t\t\t<\/div>\n\t\t\t\t<div class=\"elementor-element elementor-element-1ced48c elementor-widget-mobile__width-inherit elementor-widget elementor-widget-text-editor\" data-id=\"1ced48c\" data-element_type=\"widget\" data-e-type=\"widget\" data-widget_type=\"text-editor.default\">\n\t\t\t\t<div class=\"elementor-widget-container\">\n\t\t\t\t\t\t\t\t\tVos droits\r\n\t\t\t\t\t\t\t\t<\/div>\n\t\t\t\t<\/div>\n\t\t\t\t<div class=\"elementor-element elementor-element-e0e5df9 elementor-widget-mobile__width-inherit elementor-widget elementor-widget-text-editor\" data-id=\"e0e5df9\" data-element_type=\"widget\" data-e-type=\"widget\" data-widget_type=\"text-editor.default\">\n\t\t\t\t<div class=\"elementor-widget-container\">\n\t\t\t\t\t\t\t\t\tSi vous souhaitez exercer vos droits sur vos donn\u00e9es personnelles ou si vous avez besoin d\u2019aide, veuillez nous contacter par e-mail \u00e0\u00a0<a href=\"mailto:dataprotection@britepayments.com\">dataprotection@britepayments.com<\/a>.\t\t\t\t\t\t\t\t<\/div>\n\t\t\t\t<\/div>\n\t\t\t\t\t<\/div>\n\t\t<\/div>\n\t\t\t\t\t<\/div>\n\t\t<\/section>\n\t\t\t\t<section class=\"elementor-section elementor-top-section elementor-element elementor-element-bad623a elementor-section-boxed elementor-section-height-default elementor-section-height-default wpr-particle-no wpr-jarallax-no wpr-parallax-no wpr-sticky-section-no\" data-id=\"bad623a\" data-element_type=\"section\" data-e-type=\"section\" data-settings=\"{&quot;background_background&quot;:&quot;classic&quot;}\">\n\t\t\t\t\t\t\t<div class=\"elementor-background-overlay\"><\/div>\n\t\t\t\t\t\t\t<div class=\"elementor-container elementor-column-gap-default\">\n\t\t\t\t\t<div class=\"elementor-column elementor-col-100 elementor-top-column elementor-element elementor-element-ae98b18\" data-id=\"ae98b18\" data-element_type=\"column\" data-e-type=\"column\">\n\t\t\t<div class=\"elementor-widget-wrap elementor-element-populated\">\n\t\t\t\t\t\t<div class=\"elementor-element elementor-element-c324729 elementor-widget elementor-widget-heading\" data-id=\"c324729\" data-element_type=\"widget\" data-e-type=\"widget\" data-widget_type=\"heading.default\">\n\t\t\t\t<div class=\"elementor-widget-container\">\n\t\t\t\t\t<span class=\"elementor-heading-title elementor-size-default\">Confiance par la transparence<\/span>\t\t\t\t<\/div>\n\t\t\t\t<\/div>\n\t\t\t\t<div class=\"elementor-element elementor-element-bd1e40b elementor-widget elementor-widget-heading\" data-id=\"bd1e40b\" data-element_type=\"widget\" data-e-type=\"widget\" data-widget_type=\"heading.default\">\n\t\t\t\t<div class=\"elementor-widget-container\">\n\t\t\t\t\t<p class=\"elementor-heading-title elementor-size-default\">La transparence et la confiance sont essentielles pour nous. Nous travaillons dur pour \u00eatre ouverts dans nos avis de confidentialit\u00e9 sur qui nous sommes, pourquoi nous recueillons vos donn\u00e9es personnelles et comment ces donn\u00e9es sont utilis\u00e9es.<\/p>\t\t\t\t<\/div>\n\t\t\t\t<\/div>\n\t\t\t\t\t<\/div>\n\t\t<\/div>\n\t\t\t\t\t<\/div>\n\t\t<\/section>\n\t\t\t\t<section class=\"elementor-section elementor-top-section elementor-element elementor-element-11c10ea data elementor-section-boxed elementor-section-height-default elementor-section-height-default wpr-particle-no wpr-jarallax-no wpr-parallax-no wpr-sticky-section-no\" data-id=\"11c10ea\" data-element_type=\"section\" data-e-type=\"section\" data-settings=\"{&quot;background_background&quot;:&quot;classic&quot;}\">\n\t\t\t\t\t\t<div class=\"elementor-container elementor-column-gap-default\">\n\t\t\t\t\t<div class=\"elementor-column elementor-col-100 elementor-top-column elementor-element elementor-element-dec96d8\" data-id=\"dec96d8\" data-element_type=\"column\" data-e-type=\"column\">\n\t\t\t<div class=\"elementor-widget-wrap elementor-element-populated\">\n\t\t\t\t\t\t<div class=\"elementor-element elementor-element-5594b3b elementor-widget-mobile__width-inherit elementor-widget-tablet__width-inherit elementor-widget elementor-widget-heading\" data-id=\"5594b3b\" data-element_type=\"widget\" data-e-type=\"widget\" data-widget_type=\"heading.default\">\n\t\t\t\t<div class=\"elementor-widget-container\">\n\t\t\t\t\t<h2 class=\"elementor-heading-title elementor-size-default\">Avis de Confidentialit\u00e9<\/h2>\t\t\t\t<\/div>\n\t\t\t\t<\/div>\n\t\t\t\t<div class=\"elementor-element elementor-element-6f3f4ab elementor-widget-mobile__width-inherit elementor-widget elementor-widget-text-editor\" data-id=\"6f3f4ab\" data-element_type=\"widget\" data-e-type=\"widget\" data-widget_type=\"text-editor.default\">\n\t\t\t\t<div class=\"elementor-widget-container\">\n\t\t\t\t\t\t\t\t\t<p>Chez Brite, nous nous engageons \u00e0 vous offrir la meilleure exp\u00e9rience utilisateur possible. Ci-dessous figurent nos politiques de confidentialit\u00e9.<\/p>\n\t\t\t\t\t\t\t\t<\/div>\n\t\t\t\t<\/div>\n\t\t\t\t<div class=\"elementor-element elementor-element-8425c04 elementor-widget-mobile__width-inherit elementor-widget elementor-widget-text-editor\" data-id=\"8425c04\" data-element_type=\"widget\" data-e-type=\"widget\" data-widget_type=\"text-editor.default\">\n\t\t\t\t<div class=\"elementor-widget-container\">\n\t\t\t\t\t\t\t\t\t<ul class=\"wp-block-list\">\r\n \t<li class=\"has-body-md-font-size\">Si vous avez utilis\u00e9 nos services de paiement ou tout autre service connexe fourni par nous pour effectuer des paiements vers ou depuis nos commer\u00e7ants, ou si vous avez visit\u00e9 notre site Web et contact\u00e9 notre assistance, veuillez lire notre politique de confidentialit\u00e9 disponible \u00e0\u00a0<a href=\"https:\/\/britepayments.com\/be-fr\/politique-de-confidentialite\/\">l\u2019adresse suivante<\/a>.<\/li>\r\n<\/ul>\t\t\t\t\t\t\t\t<\/div>\n\t\t\t\t<\/div>\n\t\t\t\t<div class=\"elementor-element elementor-element-d2eb70d elementor-widget elementor-widget-spacer\" data-id=\"d2eb70d\" data-element_type=\"widget\" data-e-type=\"widget\" data-widget_type=\"spacer.default\">\n\t\t\t\t<div class=\"elementor-widget-container\">\n\t\t\t\t\t\t\t<div class=\"elementor-spacer\">\n\t\t\t<div class=\"elementor-spacer-inner\"><\/div>\n\t\t<\/div>\n\t\t\t\t\t\t<\/div>\n\t\t\t\t<\/div>\n\t\t\t\t<div class=\"elementor-element elementor-element-58df00e elementor-widget-mobile__width-inherit elementor-widget__width-auto elementor-widget elementor-widget-text-editor\" data-id=\"58df00e\" data-element_type=\"widget\" data-e-type=\"widget\" data-widget_type=\"text-editor.default\">\n\t\t\t\t<div class=\"elementor-widget-container\">\n\t\t\t\t\t\t\t\t\t<ul>\r\n \t<li>Si vous avez utilis\u00e9 nos services de paiement ou tout autre service connexe fourni par nous pour effectuer des paiements vers ou depuis nos commer\u00e7ants, ou si vous avez visit\u00e9 notre site Web et contact\u00e9 notre assistance, veuillez lire notre politique de confidentialit\u00e9 disponible \u00e0\u00a0<a href=\"https:\/\/britepayments.com\/be-fr\/politique-de-confidentialite\/\">l\u2019adresse suivante<\/a>.<\/li>\r\n<\/ul>\t\t\t\t\t\t\t\t<\/div>\n\t\t\t\t<\/div>\n\t\t\t\t<div class=\"elementor-element elementor-element-af546fc elementor-widget elementor-widget-spacer\" data-id=\"af546fc\" data-element_type=\"widget\" data-e-type=\"widget\" data-widget_type=\"spacer.default\">\n\t\t\t\t<div class=\"elementor-widget-container\">\n\t\t\t\t\t\t\t<div class=\"elementor-spacer\">\n\t\t\t<div class=\"elementor-spacer-inner\"><\/div>\n\t\t<\/div>\n\t\t\t\t\t\t<\/div>\n\t\t\t\t<\/div>\n\t\t\t\t<div class=\"elementor-element elementor-element-e0f793e elementor-widget-mobile__width-inherit elementor-widget elementor-widget-text-editor\" data-id=\"e0f793e\" data-element_type=\"widget\" data-e-type=\"widget\" data-widget_type=\"text-editor.default\">\n\t\t\t\t<div class=\"elementor-widget-container\">\n\t\t\t\t\t\t\t\t\t<ul>\n<li>Si vous avez postul\u00e9 pour un emploi chez Brite \u2013 veuillez lire notre Avis de Confidentialit\u00e9 pour les candidats\u00a0<a href=\"https:\/\/careers.britepayments.com\/privacy-policy\">disponible ici<\/a><\/li>\n<\/ul>\n\t\t\t\t\t\t\t\t<\/div>\n\t\t\t\t<\/div>\n\t\t\t\t\t<\/div>\n\t\t<\/div>\n\t\t\t\t\t<\/div>\n\t\t<\/section>\n\t\t\t\t<\/div>\n\t\t","protected":false},"excerpt":{"rendered":"<p>Engagement de Brite en mati\u00e8re de confidentialit\u00e9 La confidentialit\u00e9 est importante pour nous et nous prenons votre vie priv\u00e9e au s\u00e9rieux. Nous nous engageons \u00e0 vous fournir des informations claires et transparentes sur : les donn\u00e9es personnelles que nous traitons \u00e0 votre sujet, pourquoi et comment nous le faisons, quels droits vous avez, d\u2019o\u00f9 elles proviennent, qui est impliqu\u00e9, et comment il est l\u00e9gal pour nous de le faire. Nous avons cr\u00e9\u00e9 cette page pour que vous puissiez naviguer dans nos Avis de Confidentialit\u00e9 et en savoir plus sur la mani\u00e8re dont nous traitons vos donn\u00e9es personnelles et ce que nous faisons pour les garder en s\u00e9curit\u00e9. Vos donn\u00e9es \u2013 notre responsabilit\u00e9 Vos donn\u00e9es personnelles vous appartiennent et il est tr\u00e8s important pour nous que vous compreniez quelles donn\u00e9es personnelles nous recueillons \u00e0 votre sujet, comment nous les recueillons et pourquoi cela est n\u00e9cessaire. Vos droits Si vous souhaitez exercer vos droits sur vos donn\u00e9es personnelles ou si vous avez besoin d\u2019aide, veuillez nous contacter par e-mail \u00e0\u00a0dataprotection@britepayments.com. Confiance par la transparence La transparence et la confiance sont essentielles pour nous. Nous travaillons dur pour \u00eatre ouverts dans nos avis de confidentialit\u00e9 sur qui nous sommes, pourquoi nous recueillons vos donn\u00e9es personnelles et comment ces donn\u00e9es sont utilis\u00e9es. Avis de Confidentialit\u00e9 Chez Brite, nous nous engageons \u00e0 vous offrir la meilleure exp\u00e9rience utilisateur possible. Ci-dessous figurent nos politiques de confidentialit\u00e9. Si vous avez utilis\u00e9 nos services de paiement ou tout autre service connexe fourni par nous pour effectuer des paiements vers ou depuis nos commer\u00e7ants, ou si vous avez visit\u00e9 notre site Web et contact\u00e9 notre assistance, veuillez lire notre politique de confidentialit\u00e9 disponible \u00e0\u00a0l\u2019adresse suivante. Si vous avez utilis\u00e9 nos services de paiement ou tout autre service connexe fourni par nous pour effectuer des paiements vers ou depuis nos commer\u00e7ants, ou si vous avez visit\u00e9 notre site Web et contact\u00e9 notre assistance, veuillez lire notre politique de confidentialit\u00e9 disponible \u00e0\u00a0l\u2019adresse suivante. Si vous avez postul\u00e9 pour un emploi chez Brite \u2013 veuillez lire notre Avis de Confidentialit\u00e9 pour les candidats\u00a0disponible ici<\/p>\n","protected":false},"author":35,"featured_media":0,"parent":0,"menu_order":0,"comment_status":"closed","ping_status":"closed","template":"","meta":{"_acf_changed":false,"content-type":"","footnotes":""},"class_list":["post-20290","page","type-page","status-publish","hentry"],"acf":[],"_links":{"self":[{"href":"https:\/\/britepayments.com\/be-fr\/wp-json\/wp\/v2\/pages\/20290","targetHints":{"allow":["GET"]}}],"collection":[{"href":"https:\/\/britepayments.com\/be-fr\/wp-json\/wp\/v2\/pages"}],"about":[{"href":"https:\/\/britepayments.com\/be-fr\/wp-json\/wp\/v2\/types\/page"}],"author":[{"embeddable":true,"href":"https:\/\/britepayments.com\/be-fr\/wp-json\/wp\/v2\/users\/35"}],"replies":[{"embeddable":true,"href":"https:\/\/britepayments.com\/be-fr\/wp-json\/wp\/v2\/comments?post=20290"}],"version-history":[{"count":14,"href":"https:\/\/britepayments.com\/be-fr\/wp-json\/wp\/v2\/pages\/20290\/revisions"}],"predecessor-version":[{"id":46893,"href":"https:\/\/britepayments.com\/be-fr\/wp-json\/wp\/v2\/pages\/20290\/revisions\/46893"}],"wp:attachment":[{"href":"https:\/\/britepayments.com\/be-fr\/wp-json\/wp\/v2\/media?parent=20290"}],"curies":[{"name":"wp","href":"https:\/\/api.w.org\/{rel}","templated":true}]}}