{"id":20911,"date":"2025-03-10T11:23:50","date_gmt":"2025-03-10T09:23:50","guid":{"rendered":"https:\/\/britepayments.com\/feedback-og-klager\/"},"modified":"2026-05-13T16:27:34","modified_gmt":"2026-05-13T14:27:34","slug":"feedback-og-klager","status":"publish","type":"page","link":"https:\/\/britepayments.com\/da\/feedback-og-klager\/","title":{"rendered":"Feedback og klager"},"content":{"rendered":"\t\t<div data-elementor-type=\"wp-page\" data-elementor-id=\"20911\" class=\"elementor elementor-20911 elementor-18578\" data-elementor-post-type=\"page\">\n\t\t\t\t\t\t<section class=\"elementor-section elementor-top-section elementor-element elementor-element-337e266 elementor-section-full_width elementor-section-height-min-height elementor-section-items-stretch elementor-reverse-mobile elementor-section-height-default wpr-particle-no wpr-jarallax-no wpr-parallax-no wpr-sticky-section-no wpr-column-slider-no wpr-equal-height-no\" data-id=\"337e266\" data-element_type=\"section\" data-e-type=\"section\">\n\t\t\t\t\t\t<div class=\"elementor-container elementor-column-gap-default\">\n\t\t\t\t\t<div class=\"elementor-column elementor-col-50 elementor-top-column elementor-element elementor-element-855daae\" data-id=\"855daae\" data-element_type=\"column\" data-e-type=\"column\">\n\t\t\t<div class=\"elementor-widget-wrap elementor-element-populated\">\n\t\t\t\t\t\t<div class=\"elementor-element elementor-element-02362ed elementor-widget elementor-widget-heading\" data-id=\"02362ed\" data-element_type=\"widget\" data-e-type=\"widget\" data-widget_type=\"heading.default\">\n\t\t\t\t<div class=\"elementor-widget-container\">\n\t\t\t\t\t<h1 class=\"elementor-heading-title elementor-size-default\">Feedback og klager<\/h1>\t\t\t\t<\/div>\n\t\t\t\t<\/div>\n\t\t\t\t<div class=\"elementor-element elementor-element-66ab911 elementor-widget__width-initial elementor-widget elementor-widget-heading\" data-id=\"66ab911\" data-element_type=\"widget\" data-e-type=\"widget\" data-widget_type=\"heading.default\">\n\t\t\t\t<div class=\"elementor-widget-container\">\n\t\t\t\t\t<h1 class=\"elementor-heading-title elementor-size-default\">Hj\u00e6lp os med at forbedre Brite<\/h1>\t\t\t\t<\/div>\n\t\t\t\t<\/div>\n\t\t\t\t<div class=\"elementor-element elementor-element-021e472 elementor-widget elementor-widget-spacer\" data-id=\"021e472\" data-element_type=\"widget\" data-e-type=\"widget\" data-widget_type=\"spacer.default\">\n\t\t\t\t<div class=\"elementor-widget-container\">\n\t\t\t\t\t\t\t<div class=\"elementor-spacer\">\n\t\t\t<div class=\"elementor-spacer-inner\"><\/div>\n\t\t<\/div>\n\t\t\t\t\t\t<\/div>\n\t\t\t\t<\/div>\n\t\t\t\t<div class=\"elementor-element elementor-element-23540ee elementor-widget elementor-widget-text-editor\" data-id=\"23540ee\" data-element_type=\"widget\" data-e-type=\"widget\" data-widget_type=\"text-editor.default\">\n\t\t\t\t<div class=\"elementor-widget-container\">\n\t\t\t\t\t\t\t\t\tDin oplevelse er vores h\u00f8jeste prioritet. Uanset om du har forslag eller feedback om en af \u200b\u200bvores tjenester, er vi klar til at lytte og hj\u00e6lpe.\t\t\t\t\t\t\t\t<\/div>\n\t\t\t\t<\/div>\n\t\t\t\t\t<\/div>\n\t\t<\/div>\n\t\t\t\t<div class=\"elementor-column elementor-col-50 elementor-top-column elementor-element elementor-element-9bbfb31\" data-id=\"9bbfb31\" data-element_type=\"column\" data-e-type=\"column\" data-settings=\"{&quot;background_background&quot;:&quot;classic&quot;}\">\n\t\t\t<div class=\"elementor-widget-wrap elementor-element-populated\">\n\t\t\t\t\t\t<div class=\"elementor-element elementor-element-95066a2 elementor-hidden-mobile elementor-widget elementor-widget-spacer\" data-id=\"95066a2\" data-element_type=\"widget\" data-e-type=\"widget\" data-widget_type=\"spacer.default\">\n\t\t\t\t<div class=\"elementor-widget-container\">\n\t\t\t\t\t\t\t<div class=\"elementor-spacer\">\n\t\t\t<div class=\"elementor-spacer-inner\"><\/div>\n\t\t<\/div>\n\t\t\t\t\t\t<\/div>\n\t\t\t\t<\/div>\n\t\t\t\t<div class=\"elementor-element elementor-element-fa4a840 elementor-hidden-desktop elementor-hidden-laptop elementor-hidden-tablet elementor-widget elementor-widget-image\" data-id=\"fa4a840\" data-element_type=\"widget\" data-e-type=\"widget\" data-widget_type=\"image.default\">\n\t\t\t\t<div class=\"elementor-widget-container\">\n\t\t\t\t\t\t\t\t\t\t\t\t\t\t\t<img fetchpriority=\"high\" decoding=\"async\" width=\"800\" height=\"798\" src=\"https:\/\/britepayments.com\/wp-content\/uploads\/2026\/04\/feedback-hero-1-1024x1022.webp\" class=\"attachment-large size-large wp-image-50552\" alt=\"\" srcset=\"https:\/\/britepayments.com\/wp-content\/uploads\/2026\/04\/feedback-hero-1-1024x1022.webp 1024w, https:\/\/britepayments.com\/wp-content\/uploads\/2026\/04\/feedback-hero-1-300x300.webp 300w, https:\/\/britepayments.com\/wp-content\/uploads\/2026\/04\/feedback-hero-1-150x150.webp 150w, https:\/\/britepayments.com\/wp-content\/uploads\/2026\/04\/feedback-hero-1-768x767.webp 768w, https:\/\/britepayments.com\/wp-content\/uploads\/2026\/04\/feedback-hero-1.webp 1058w\" sizes=\"(max-width: 800px) 100vw, 800px\" \/>\t\t\t\t\t\t\t\t\t\t\t\t\t\t\t<\/div>\n\t\t\t\t<\/div>\n\t\t\t\t\t<\/div>\n\t\t<\/div>\n\t\t\t\t\t<\/div>\n\t\t<\/section>\n\t\t\t\t<section class=\"elementor-section elementor-top-section elementor-element elementor-element-961387f elementor-section-full_width elementor-section-height-default elementor-section-height-default wpr-particle-no wpr-jarallax-no wpr-parallax-no wpr-sticky-section-no wpr-column-slider-no wpr-equal-height-no\" data-id=\"961387f\" data-element_type=\"section\" data-e-type=\"section\">\n\t\t\t\t\t\t\t<div class=\"elementor-background-overlay\"><\/div>\n\t\t\t\t\t\t\t<div class=\"elementor-container elementor-column-gap-default\">\n\t\t\t\t\t<div class=\"elementor-column elementor-col-100 elementor-top-column elementor-element elementor-element-040017e\" data-id=\"040017e\" data-element_type=\"column\" data-e-type=\"column\">\n\t\t\t<div class=\"elementor-widget-wrap elementor-element-populated\">\n\t\t\t\t\t\t<section class=\"elementor-section elementor-inner-section elementor-element elementor-element-fd4a3ee elementor-section-full_width elementor-section-height-default elementor-section-height-default wpr-particle-no wpr-jarallax-no wpr-parallax-no wpr-sticky-section-no wpr-column-slider-no wpr-equal-height-no\" data-id=\"fd4a3ee\" data-element_type=\"section\" data-e-type=\"section\">\n\t\t\t\t\t\t<div class=\"elementor-container elementor-column-gap-default\">\n\t\t\t\t\t<div class=\"elementor-column elementor-col-50 elementor-inner-column elementor-element elementor-element-09f1efe\" data-id=\"09f1efe\" data-element_type=\"column\" data-e-type=\"column\">\n\t\t\t<div class=\"elementor-widget-wrap elementor-element-populated\">\n\t\t\t\t\t\t<div class=\"elementor-element elementor-element-db07f0a elementor-hidden-mobile elementor-widget elementor-widget-spacer\" data-id=\"db07f0a\" data-element_type=\"widget\" data-e-type=\"widget\" data-widget_type=\"spacer.default\">\n\t\t\t\t<div class=\"elementor-widget-container\">\n\t\t\t\t\t\t\t<div class=\"elementor-spacer\">\n\t\t\t<div class=\"elementor-spacer-inner\"><\/div>\n\t\t<\/div>\n\t\t\t\t\t\t<\/div>\n\t\t\t\t<\/div>\n\t\t\t\t<div class=\"elementor-element elementor-element-e46d604 elementor-widget__width-initial elementor-widget-mobile__width-inherit elementor-widget elementor-widget-heading\" data-id=\"e46d604\" data-element_type=\"widget\" data-e-type=\"widget\" data-widget_type=\"heading.default\">\n\t\t\t\t<div class=\"elementor-widget-container\">\n\t\t\t\t\t<h2 class=\"elementor-heading-title elementor-size-default\">Send feedback og klager<\/h2>\t\t\t\t<\/div>\n\t\t\t\t<\/div>\n\t\t\t\t<div class=\"elementor-element elementor-element-2637303 elementor-hidden-mobile elementor-widget elementor-widget-spacer\" data-id=\"2637303\" data-element_type=\"widget\" data-e-type=\"widget\" data-widget_type=\"spacer.default\">\n\t\t\t\t<div class=\"elementor-widget-container\">\n\t\t\t\t\t\t\t<div class=\"elementor-spacer\">\n\t\t\t<div class=\"elementor-spacer-inner\"><\/div>\n\t\t<\/div>\n\t\t\t\t\t\t<\/div>\n\t\t\t\t<\/div>\n\t\t\t\t\t<\/div>\n\t\t<\/div>\n\t\t\t\t<div class=\"elementor-column elementor-col-50 elementor-inner-column elementor-element elementor-element-84ec959 elementor-hidden-mobile\" data-id=\"84ec959\" data-element_type=\"column\" data-e-type=\"column\">\n\t\t\t<div class=\"elementor-widget-wrap\">\n\t\t\t\t\t\t\t<\/div>\n\t\t<\/div>\n\t\t\t\t\t<\/div>\n\t\t<\/section>\n\t\t\t\t<div class=\"elementor-element elementor-element-394f4e4 elementor-widget elementor-widget-spacer\" data-id=\"394f4e4\" data-element_type=\"widget\" data-e-type=\"widget\" data-widget_type=\"spacer.default\">\n\t\t\t\t<div class=\"elementor-widget-container\">\n\t\t\t\t\t\t\t<div class=\"elementor-spacer\">\n\t\t\t<div class=\"elementor-spacer-inner\"><\/div>\n\t\t<\/div>\n\t\t\t\t\t\t<\/div>\n\t\t\t\t<\/div>\n\t\t\t\t<div class=\"elementor-element elementor-element-b95599e accordion content elementor-widget elementor-widget-accordion\" data-id=\"b95599e\" data-element_type=\"widget\" data-e-type=\"widget\" data-widget_type=\"accordion.default\">\n\t\t\t\t<div class=\"elementor-widget-container\">\n\t\t\t\t\t\t\t<div class=\"elementor-accordion\">\n\t\t\t\t\t\t\t<div class=\"elementor-accordion-item\">\n\t\t\t\t\t<h3 id=\"elementor-tab-title-1941\" class=\"elementor-tab-title\" data-tab=\"1\" role=\"button\" aria-controls=\"elementor-tab-content-1941\" aria-expanded=\"false\">\n\t\t\t\t\t\t\t\t\t\t\t\t\t<span class=\"elementor-accordion-icon elementor-accordion-icon-right\" aria-hidden=\"true\">\n\t\t\t\t\t\t\t\t\t\t\t\t\t\t\t<span class=\"elementor-accordion-icon-closed\"><svg xmlns=\"http:\/\/www.w3.org\/2000\/svg\" width=\"24\" height=\"24\" viewBox=\"0 0 24 24\" fill=\"none\"><mask id=\"mask0_6323_5459\" style=\"mask-type:alpha\" maskUnits=\"userSpaceOnUse\" x=\"0\" y=\"0\" width=\"24\" height=\"24\"><rect width=\"24\" height=\"24\" fill=\"#D9D9D9\"><\/rect><\/mask><g mask=\"url(#mask0_6323_5459)\"><path d=\"M11 21V13H3V11H11V3H13V11H21V13H13V21H11Z\" fill=\"#2A1243\"><\/path><\/g><\/svg><\/span>\n\t\t\t\t\t\t\t\t<span class=\"elementor-accordion-icon-opened\"><svg xmlns=\"http:\/\/www.w3.org\/2000\/svg\" width=\"24\" height=\"24\" viewBox=\"0 0 24 24\" fill=\"none\"><mask id=\"mask0_6323_5454\" style=\"mask-type:alpha\" maskUnits=\"userSpaceOnUse\" x=\"0\" y=\"0\" width=\"24\" height=\"24\"><rect width=\"24\" height=\"24\" fill=\"#D9D9D9\"><\/rect><\/mask><g mask=\"url(#mask0_6323_5454)\"><path d=\"M6.4 19L5 17.6L10.6 12L5 6.4L6.4 5L12 10.6L17.6 5L19 6.4L13.4 12L19 17.6L17.6 19L12 13.4L6.4 19Z\" fill=\"#2A1243\"><\/path><\/g><\/svg><\/span>\n\t\t\t\t\t\t\t\t\t\t\t\t\t\t<\/span>\n\t\t\t\t\t\t\t\t\t\t\t\t<a class=\"elementor-accordion-title\" tabindex=\"0\">Hvordan kan jeg give feedback eller indgive en klage?<\/a>\n\t\t\t\t\t<\/h3>\n\t\t\t\t\t<div id=\"elementor-tab-content-1941\" class=\"elementor-tab-content elementor-clearfix\" data-tab=\"1\" role=\"region\" aria-labelledby=\"elementor-tab-title-1941\"><p><span data-sheets-root=\"1\">Din mening er vigtig for os, og vi s\u00e6tter stor pris p\u00e5 din feedback. Hvis du vil fort\u00e6lle os, hvordan vi kan forbedre os, eller hvis du er utilfreds med vores service, kan du til enhver tid kontakte os via vores <a href=\"\/da\/feedback-and-complaints-form\/\">feedback- og klageformular<\/a> eller sende os en e-mail direkte til <a href=\"mailto:complaints@britepayments.com\">complaints@britepayments.com<\/a>.<\/span><\/p><\/div>\n\t\t\t\t<\/div>\n\t\t\t\t\t\t\t<div class=\"elementor-accordion-item\">\n\t\t\t\t\t<h3 id=\"elementor-tab-title-1942\" class=\"elementor-tab-title\" data-tab=\"2\" role=\"button\" aria-controls=\"elementor-tab-content-1942\" aria-expanded=\"false\">\n\t\t\t\t\t\t\t\t\t\t\t\t\t<span class=\"elementor-accordion-icon elementor-accordion-icon-right\" aria-hidden=\"true\">\n\t\t\t\t\t\t\t\t\t\t\t\t\t\t\t<span class=\"elementor-accordion-icon-closed\"><svg xmlns=\"http:\/\/www.w3.org\/2000\/svg\" width=\"24\" height=\"24\" viewBox=\"0 0 24 24\" fill=\"none\"><mask id=\"mask0_6323_5459\" style=\"mask-type:alpha\" maskUnits=\"userSpaceOnUse\" x=\"0\" y=\"0\" width=\"24\" height=\"24\"><rect width=\"24\" height=\"24\" fill=\"#D9D9D9\"><\/rect><\/mask><g mask=\"url(#mask0_6323_5459)\"><path d=\"M11 21V13H3V11H11V3H13V11H21V13H13V21H11Z\" fill=\"#2A1243\"><\/path><\/g><\/svg><\/span>\n\t\t\t\t\t\t\t\t<span class=\"elementor-accordion-icon-opened\"><svg xmlns=\"http:\/\/www.w3.org\/2000\/svg\" width=\"24\" height=\"24\" viewBox=\"0 0 24 24\" fill=\"none\"><mask id=\"mask0_6323_5454\" style=\"mask-type:alpha\" maskUnits=\"userSpaceOnUse\" x=\"0\" y=\"0\" width=\"24\" height=\"24\"><rect width=\"24\" height=\"24\" fill=\"#D9D9D9\"><\/rect><\/mask><g mask=\"url(#mask0_6323_5454)\"><path d=\"M6.4 19L5 17.6L10.6 12L5 6.4L6.4 5L12 10.6L17.6 5L19 6.4L13.4 12L19 17.6L17.6 19L12 13.4L6.4 19Z\" fill=\"#2A1243\"><\/path><\/g><\/svg><\/span>\n\t\t\t\t\t\t\t\t\t\t\t\t\t\t<\/span>\n\t\t\t\t\t\t\t\t\t\t\t\t<a class=\"elementor-accordion-title\" tabindex=\"0\">Hvad sker der, efter jeg har indgivet en klage?<\/a>\n\t\t\t\t\t<\/h3>\n\t\t\t\t\t<div id=\"elementor-tab-content-1942\" class=\"elementor-tab-content elementor-clearfix\" data-tab=\"2\" role=\"region\" aria-labelledby=\"elementor-tab-title-1942\"><p><span data-sheets-root=\"1\">S\u00e5 snart vi modtager din besked, vil vores team straks behandle din klage. Vi bekr\u00e6fter modtagelsen af \u200b\u200bdin klage skriftligt og holder dig informeret om de n\u00e6ste skridt og den forventede behandlingstid.<\/span><\/p><p>Vores m\u00e5l er at l\u00f8se ethvert problem s\u00e5 hurtigt som muligt og til din fulde tilfredshed. De fleste klager besvares inden for to uger. I mere komplekse tilf\u00e6lde eller ekstraordin\u00e6re omst\u00e6ndigheder kan en mere dybdeg\u00e5ende unders\u00f8gelse v\u00e6re n\u00f8dvendig, hvilket kan tage mere end to uger \u2013 i dette tilf\u00e6lde holder vi dig opdateret om fremskridtene.<\/p><\/div>\n\t\t\t\t<\/div>\n\t\t\t\t\t\t\t<div class=\"elementor-accordion-item\">\n\t\t\t\t\t<h3 id=\"elementor-tab-title-1943\" class=\"elementor-tab-title\" data-tab=\"3\" role=\"button\" aria-controls=\"elementor-tab-content-1943\" aria-expanded=\"false\">\n\t\t\t\t\t\t\t\t\t\t\t\t\t<span class=\"elementor-accordion-icon elementor-accordion-icon-right\" aria-hidden=\"true\">\n\t\t\t\t\t\t\t\t\t\t\t\t\t\t\t<span class=\"elementor-accordion-icon-closed\"><svg xmlns=\"http:\/\/www.w3.org\/2000\/svg\" width=\"24\" height=\"24\" viewBox=\"0 0 24 24\" fill=\"none\"><mask id=\"mask0_6323_5459\" style=\"mask-type:alpha\" maskUnits=\"userSpaceOnUse\" x=\"0\" y=\"0\" width=\"24\" height=\"24\"><rect width=\"24\" height=\"24\" fill=\"#D9D9D9\"><\/rect><\/mask><g mask=\"url(#mask0_6323_5459)\"><path d=\"M11 21V13H3V11H11V3H13V11H21V13H13V21H11Z\" fill=\"#2A1243\"><\/path><\/g><\/svg><\/span>\n\t\t\t\t\t\t\t\t<span class=\"elementor-accordion-icon-opened\"><svg xmlns=\"http:\/\/www.w3.org\/2000\/svg\" width=\"24\" height=\"24\" viewBox=\"0 0 24 24\" fill=\"none\"><mask id=\"mask0_6323_5454\" style=\"mask-type:alpha\" maskUnits=\"userSpaceOnUse\" x=\"0\" y=\"0\" width=\"24\" height=\"24\"><rect width=\"24\" height=\"24\" fill=\"#D9D9D9\"><\/rect><\/mask><g mask=\"url(#mask0_6323_5454)\"><path d=\"M6.4 19L5 17.6L10.6 12L5 6.4L6.4 5L12 10.6L17.6 5L19 6.4L13.4 12L19 17.6L17.6 19L12 13.4L6.4 19Z\" fill=\"#2A1243\"><\/path><\/g><\/svg><\/span>\n\t\t\t\t\t\t\t\t\t\t\t\t\t\t<\/span>\n\t\t\t\t\t\t\t\t\t\t\t\t<a class=\"elementor-accordion-title\" tabindex=\"0\">Hvordan kan jeg eskalere min klage til Brites klageh\u00e5ndtering?<\/a>\n\t\t\t\t\t<\/h3>\n\t\t\t\t\t<div id=\"elementor-tab-content-1943\" class=\"elementor-tab-content elementor-clearfix\" data-tab=\"3\" role=\"region\" aria-labelledby=\"elementor-tab-title-1943\"><p><span data-sheets-root=\"1\">Hvis du mener, at vores f\u00f8rste svar ikke l\u00f8ste dit problem tilstr\u00e6kkeligt, har du ret til at eskalere din klage til Brites klageh\u00e5ndteringsteam til gennemgang.<\/span><\/p><p>Hvordan kan jeg anmode om en gennemgang?<br \/>Du kan anmode om en gennemgang fra Brites klageh\u00e5ndteringsteam ved at svare direkte p\u00e5 Brites svar. Angiv venligst tydeligt, at du \u00f8nsker, at Brite gennemg\u00e5r din sag.<\/p><p>Hvad sker der nu?<br \/>Vores klageh\u00e5ndteringsteam vil gennemg\u00e5 din sag og afg\u00f8re, om Brites f\u00f8rste beslutning vil blive opretholdt, eller om vi skal l\u00f8se dit problem anderledes. Vi holder dig informeret under hele processen, indtil vi kan give dig et endeligt svar.<\/p><\/div>\n\t\t\t\t<\/div>\n\t\t\t\t\t\t\t<div class=\"elementor-accordion-item\">\n\t\t\t\t\t<h3 id=\"elementor-tab-title-1944\" class=\"elementor-tab-title\" data-tab=\"4\" role=\"button\" aria-controls=\"elementor-tab-content-1944\" aria-expanded=\"false\">\n\t\t\t\t\t\t\t\t\t\t\t\t\t<span class=\"elementor-accordion-icon elementor-accordion-icon-right\" aria-hidden=\"true\">\n\t\t\t\t\t\t\t\t\t\t\t\t\t\t\t<span class=\"elementor-accordion-icon-closed\"><svg xmlns=\"http:\/\/www.w3.org\/2000\/svg\" width=\"24\" height=\"24\" viewBox=\"0 0 24 24\" fill=\"none\"><mask id=\"mask0_6323_5459\" style=\"mask-type:alpha\" maskUnits=\"userSpaceOnUse\" x=\"0\" y=\"0\" width=\"24\" height=\"24\"><rect width=\"24\" height=\"24\" fill=\"#D9D9D9\"><\/rect><\/mask><g mask=\"url(#mask0_6323_5459)\"><path d=\"M11 21V13H3V11H11V3H13V11H21V13H13V21H11Z\" fill=\"#2A1243\"><\/path><\/g><\/svg><\/span>\n\t\t\t\t\t\t\t\t<span class=\"elementor-accordion-icon-opened\"><svg xmlns=\"http:\/\/www.w3.org\/2000\/svg\" width=\"24\" height=\"24\" viewBox=\"0 0 24 24\" fill=\"none\"><mask id=\"mask0_6323_5454\" style=\"mask-type:alpha\" maskUnits=\"userSpaceOnUse\" x=\"0\" y=\"0\" width=\"24\" height=\"24\"><rect width=\"24\" height=\"24\" fill=\"#D9D9D9\"><\/rect><\/mask><g mask=\"url(#mask0_6323_5454)\"><path d=\"M6.4 19L5 17.6L10.6 12L5 6.4L6.4 5L12 10.6L17.6 5L19 6.4L13.4 12L19 17.6L17.6 19L12 13.4L6.4 19Z\" fill=\"#2A1243\"><\/path><\/g><\/svg><\/span>\n\t\t\t\t\t\t\t\t\t\t\t\t\t\t<\/span>\n\t\t\t\t\t\t\t\t\t\t\t\t<a class=\"elementor-accordion-title\" tabindex=\"0\">Hvor og hvordan kan jeg f\u00e5 min klage officielt behandlet?<\/a>\n\t\t\t\t\t<\/h3>\n\t\t\t\t\t<div id=\"elementor-tab-content-1944\" class=\"elementor-tab-content elementor-clearfix\" data-tab=\"4\" role=\"region\" aria-labelledby=\"elementor-tab-title-1944\"><div><p><span data-sheets-root=\"1\">Hvis du ikke er tilfreds med vores svar, har du flere muligheder for en uafh\u00e6ngig gennemgang:<\/span><\/p><p>* Det Europ\u00e6iske Forbrugercenter (ECC): Da du bor i EU, kan du kontakte ECC i dit land. Deres eksperter vil r\u00e5dgive dig p\u00e5 dit modersm\u00e5l og hj\u00e6lpe dig med gr\u00e6nseoverskridende sp\u00f8rgsm\u00e5l inden for EU (f.eks. hvis tjenesteudbyderen er baseret i Sverige).<\/p><p>* Lokale tvistbil\u00e6ggelsesorganer: Du kan s\u00f8ge udenretslig tvistbil\u00e6ggelse gennem et kompetent tvistbil\u00e6ggelsesorgan i dit land (f.eks. tvistbil\u00e6ggelsesorganet hos Deutsche Bundesbank eller det f\u00e6lles tvistbil\u00e6ggelsesorgan for den \u00f8strigske banksektor) eller anl\u00e6gge sag ved en kompetent domstol.<\/p><p>* EU Online Tvistbil\u00e6ggelse: Du kan finde mere information om dine rettigheder og adgang til EU&#8217;s online tvistbil\u00e6ggelsesplatform her: http:\/\/consumer-redress.ec.europa.eu\/<\/p><p>Da Brite har hovedkontor i Sverige, kan du ogs\u00e5 kontakte den svenske forbrugertvistbil\u00e6ggelsesmyndighed (ARN \u2013 Allm\u00e4nna reklamationsn\u00e4mnden. Adresse: Box 174, 101 23 Stockholm). Uafh\u00e6ngig r\u00e5dgivning om finansielle tjenesteydelser tilbydes ogs\u00e5 i Sverige af Banking and Financial Advice Center (Konsumenternas Bank- och finansbyr\u00e5).<\/p><\/div><div>\u00a0<\/div><\/div>\n\t\t\t\t<\/div>\n\t\t\t\t\t\t\t\t<\/div>\n\t\t\t\t\t\t<\/div>\n\t\t\t\t<\/div>\n\t\t\t\t\t<\/div>\n\t\t<\/div>\n\t\t\t\t\t<\/div>\n\t\t<\/section>\n\t\t\t\t<\/div>\n\t\t","protected":false},"excerpt":{"rendered":"<p>Feedback og klager Hj\u00e6lp os med at forbedre Brite Din oplevelse er vores h\u00f8jeste prioritet. Uanset om du har forslag eller feedback om en af \u200b\u200bvores tjenester, er vi klar til at lytte og hj\u00e6lpe. Send feedback og klager Hvordan kan jeg give feedback eller indgive en klage? Din mening er vigtig for os, og vi s\u00e6tter stor pris p\u00e5 din feedback. Hvis du vil fort\u00e6lle os, hvordan vi kan forbedre os, eller hvis du er utilfreds med vores service, kan du til enhver tid kontakte os via vores feedback- og klageformular eller sende os en e-mail direkte til complaints@britepayments.com. Hvad sker der, efter jeg har indgivet en klage? S\u00e5 snart vi modtager din besked, vil vores team straks behandle din klage. Vi bekr\u00e6fter modtagelsen af \u200b\u200bdin klage skriftligt og holder dig informeret om de n\u00e6ste skridt og den forventede behandlingstid. Vores m\u00e5l er at l\u00f8se ethvert problem s\u00e5 hurtigt som muligt og til din fulde tilfredshed. De fleste klager besvares inden for to uger. I mere komplekse tilf\u00e6lde eller ekstraordin\u00e6re omst\u00e6ndigheder kan en mere dybdeg\u00e5ende unders\u00f8gelse v\u00e6re n\u00f8dvendig, hvilket kan tage mere end to uger \u2013 i dette tilf\u00e6lde holder vi dig opdateret om fremskridtene. Hvordan kan jeg eskalere min klage til Brites klageh\u00e5ndtering? Hvis du mener, at vores f\u00f8rste svar ikke l\u00f8ste dit problem tilstr\u00e6kkeligt, har du ret til at eskalere din klage til Brites klageh\u00e5ndteringsteam til gennemgang. Hvordan kan jeg anmode om en gennemgang?Du kan anmode om en gennemgang fra Brites klageh\u00e5ndteringsteam ved at svare direkte p\u00e5 Brites svar. Angiv venligst tydeligt, at du \u00f8nsker, at Brite gennemg\u00e5r din sag. Hvad sker der nu?Vores klageh\u00e5ndteringsteam vil gennemg\u00e5 din sag og afg\u00f8re, om Brites f\u00f8rste beslutning vil blive opretholdt, eller om vi skal l\u00f8se dit problem anderledes. Vi holder dig informeret under hele processen, indtil vi kan give dig et endeligt svar. Hvor og hvordan kan jeg f\u00e5 min klage officielt behandlet? Hvis du ikke er tilfreds med vores svar, har du flere muligheder for en uafh\u00e6ngig gennemgang: * Det Europ\u00e6iske Forbrugercenter (ECC): Da du bor i EU, kan du kontakte ECC i dit land. Deres eksperter vil r\u00e5dgive dig p\u00e5 dit modersm\u00e5l og hj\u00e6lpe dig med gr\u00e6nseoverskridende sp\u00f8rgsm\u00e5l inden for EU (f.eks. hvis tjenesteudbyderen er baseret i Sverige). * Lokale tvistbil\u00e6ggelsesorganer: Du kan s\u00f8ge udenretslig tvistbil\u00e6ggelse gennem et kompetent tvistbil\u00e6ggelsesorgan i dit land (f.eks. tvistbil\u00e6ggelsesorganet hos Deutsche Bundesbank eller det f\u00e6lles tvistbil\u00e6ggelsesorgan for den \u00f8strigske banksektor) eller anl\u00e6gge sag ved en kompetent domstol. * EU Online Tvistbil\u00e6ggelse: Du kan finde mere information om dine rettigheder og adgang til EU&#8217;s online tvistbil\u00e6ggelsesplatform her: http:\/\/consumer-redress.ec.europa.eu\/ Da Brite har hovedkontor i Sverige, kan du ogs\u00e5 kontakte den svenske forbrugertvistbil\u00e6ggelsesmyndighed (ARN \u2013 Allm\u00e4nna reklamationsn\u00e4mnden. Adresse: Box 174, 101 23 Stockholm). Uafh\u00e6ngig r\u00e5dgivning om finansielle tjenesteydelser tilbydes ogs\u00e5 i Sverige af Banking and Financial Advice Center (Konsumenternas Bank- och finansbyr\u00e5). \u00a0<\/p>\n","protected":false},"author":35,"featured_media":0,"parent":0,"menu_order":0,"comment_status":"closed","ping_status":"closed","template":"","meta":{"_acf_changed":false,"content-type":"","footnotes":""},"class_list":["post-20911","page","type-page","status-publish","hentry"],"acf":[],"_links":{"self":[{"href":"https:\/\/britepayments.com\/da\/wp-json\/wp\/v2\/pages\/20911","targetHints":{"allow":["GET"]}}],"collection":[{"href":"https:\/\/britepayments.com\/da\/wp-json\/wp\/v2\/pages"}],"about":[{"href":"https:\/\/britepayments.com\/da\/wp-json\/wp\/v2\/types\/page"}],"author":[{"embeddable":true,"href":"https:\/\/britepayments.com\/da\/wp-json\/wp\/v2\/users\/35"}],"replies":[{"embeddable":true,"href":"https:\/\/britepayments.com\/da\/wp-json\/wp\/v2\/comments?post=20911"}],"version-history":[{"count":23,"href":"https:\/\/britepayments.com\/da\/wp-json\/wp\/v2\/pages\/20911\/revisions"}],"predecessor-version":[{"id":53839,"href":"https:\/\/britepayments.com\/da\/wp-json\/wp\/v2\/pages\/20911\/revisions\/53839"}],"wp:attachment":[{"href":"https:\/\/britepayments.com\/da\/wp-json\/wp\/v2\/media?parent=20911"}],"curies":[{"name":"wp","href":"https:\/\/api.w.org\/{rel}","templated":true}]}}