{"id":20960,"date":"2025-03-20T13:30:16","date_gmt":"2025-03-20T11:30:16","guid":{"rendered":"https:\/\/britepayments.com\/privacy\/"},"modified":"2026-02-12T15:53:48","modified_gmt":"2026-02-12T13:53:48","slug":"privacy","status":"publish","type":"page","link":"https:\/\/britepayments.com\/da\/privacy\/","title":{"rendered":"Privacy Commitment"},"content":{"rendered":"\t\t<div data-elementor-type=\"wp-page\" data-elementor-id=\"20960\" class=\"elementor elementor-20960 elementor-19562\" data-elementor-post-type=\"page\">\n\t\t\t\t\t\t<section class=\"elementor-section elementor-top-section elementor-element elementor-element-a296612 elementor-section-boxed elementor-section-height-default elementor-section-height-default wpr-particle-no wpr-jarallax-no wpr-parallax-no wpr-sticky-section-no wpr-equal-height-no\" data-id=\"a296612\" data-element_type=\"section\" data-e-type=\"section\" data-settings=\"{&quot;background_background&quot;:&quot;classic&quot;}\">\n\t\t\t\t\t\t<div class=\"elementor-container elementor-column-gap-default\">\n\t\t\t\t\t<div class=\"elementor-column elementor-col-100 elementor-top-column elementor-element elementor-element-442d3ab\" data-id=\"442d3ab\" data-element_type=\"column\" data-e-type=\"column\">\n\t\t\t<div class=\"elementor-widget-wrap elementor-element-populated\">\n\t\t\t\t\t\t<div class=\"elementor-element elementor-element-70001f3 elementor-widget elementor-widget-heading\" data-id=\"70001f3\" data-element_type=\"widget\" data-e-type=\"widget\" data-widget_type=\"heading.default\">\n\t\t\t\t<div class=\"elementor-widget-container\">\n\t\t\t\t\t<h1 class=\"elementor-heading-title elementor-size-default\">Brite's Privacy Commitment<\/h1>\t\t\t\t<\/div>\n\t\t\t\t<\/div>\n\t\t\t\t\t<\/div>\n\t\t<\/div>\n\t\t\t\t\t<\/div>\n\t\t<\/section>\n\t\t\t\t<section class=\"elementor-section elementor-top-section elementor-element elementor-element-d7ef35a elementor-section-boxed elementor-section-height-default elementor-section-height-default wpr-particle-no wpr-jarallax-no wpr-parallax-no wpr-sticky-section-no wpr-equal-height-no\" data-id=\"d7ef35a\" data-element_type=\"section\" data-e-type=\"section\">\n\t\t\t\t\t\t<div class=\"elementor-container elementor-column-gap-default\">\n\t\t\t\t\t<div class=\"elementor-column elementor-col-100 elementor-top-column elementor-element elementor-element-196dc22\" data-id=\"196dc22\" data-element_type=\"column\" data-e-type=\"column\">\n\t\t\t<div class=\"elementor-widget-wrap elementor-element-populated\">\n\t\t\t\t\t\t<section class=\"elementor-section elementor-inner-section elementor-element elementor-element-c8bbf20 elementor-section-full_width elementor-section-height-default elementor-section-height-default wpr-particle-no wpr-jarallax-no wpr-parallax-no wpr-sticky-section-no wpr-equal-height-no\" data-id=\"c8bbf20\" data-element_type=\"section\" data-e-type=\"section\">\n\t\t\t\t\t\t<div class=\"elementor-container elementor-column-gap-default\">\n\t\t\t\t\t<div class=\"elementor-column elementor-col-50 elementor-inner-column elementor-element elementor-element-57457b0\" data-id=\"57457b0\" data-element_type=\"column\" data-e-type=\"column\">\n\t\t\t<div class=\"elementor-widget-wrap elementor-element-populated\">\n\t\t\t\t\t\t<div class=\"elementor-element elementor-element-bc74524 elementor-widget elementor-widget-image\" data-id=\"bc74524\" data-element_type=\"widget\" data-e-type=\"widget\" data-widget_type=\"image.default\">\n\t\t\t\t<div class=\"elementor-widget-container\">\n\t\t\t\t\t\t\t\t\t\t\t\t\t\t\t<img fetchpriority=\"high\" decoding=\"async\" width=\"833\" height=\"833\" src=\"https:\/\/britepayments.com\/wp-content\/uploads\/2025\/03\/Brite_Illo_22_AIS_Lilac-5.png\" class=\"attachment-full size-full wp-image-19563\" alt=\"\" srcset=\"https:\/\/britepayments.com\/wp-content\/uploads\/2025\/03\/Brite_Illo_22_AIS_Lilac-5.png 833w, https:\/\/britepayments.com\/wp-content\/uploads\/2025\/03\/Brite_Illo_22_AIS_Lilac-5-300x300.png 300w, https:\/\/britepayments.com\/wp-content\/uploads\/2025\/03\/Brite_Illo_22_AIS_Lilac-5-150x150.png 150w, https:\/\/britepayments.com\/wp-content\/uploads\/2025\/03\/Brite_Illo_22_AIS_Lilac-5-768x768.png 768w\" sizes=\"(max-width: 833px) 100vw, 833px\" \/>\t\t\t\t\t\t\t\t\t\t\t\t\t\t\t<\/div>\n\t\t\t\t<\/div>\n\t\t\t\t\t<\/div>\n\t\t<\/div>\n\t\t\t\t<div class=\"elementor-column elementor-col-50 elementor-inner-column elementor-element elementor-element-a9fc5e8\" data-id=\"a9fc5e8\" data-element_type=\"column\" data-e-type=\"column\">\n\t\t\t<div class=\"elementor-widget-wrap elementor-element-populated\">\n\t\t\t\t\t\t<div class=\"elementor-element elementor-element-33fdfcc elementor-widget-mobile__width-inherit elementor-widget elementor-widget-heading\" data-id=\"33fdfcc\" data-element_type=\"widget\" data-e-type=\"widget\" data-widget_type=\"heading.default\">\n\t\t\t\t<div class=\"elementor-widget-container\">\n\t\t\t\t\t<h2 class=\"elementor-heading-title elementor-size-default\">Fortrolighed er vigtigt for os, og vi tager beskyttelse af dine personlige oplysninger alvorligt.<\/h2>\t\t\t\t<\/div>\n\t\t\t\t<\/div>\n\t\t\t\t<div class=\"elementor-element elementor-element-f822e02 elementor-widget-mobile__width-inherit elementor-widget elementor-widget-heading\" data-id=\"f822e02\" data-element_type=\"widget\" data-e-type=\"widget\" data-widget_type=\"heading.default\">\n\t\t\t\t<div class=\"elementor-widget-container\">\n\t\t\t\t\t<h2 class=\"elementor-heading-title elementor-size-default\">Vi forpligter os til at give dig klare og gennemsigtige oplysninger om:<\/h2>\t\t\t\t<\/div>\n\t\t\t\t<\/div>\n\t\t\t\t<div class=\"elementor-element elementor-element-59e172a elementor-widget-mobile__width-inherit elementor-widget elementor-widget-text-editor\" data-id=\"59e172a\" data-element_type=\"widget\" data-e-type=\"widget\" data-widget_type=\"text-editor.default\">\n\t\t\t\t<div class=\"elementor-widget-container\">\n\t\t\t\t\t\t\t\t\t<ul class=\"wp-block-list\">\r\n \t<li class=\"has-body-md-font-size\">hvilke personoplysninger, vi behandler<\/li>\r\n \t<li class=\"has-body-md-font-size\">hvorfor og hvordan, vi g\u00f8r det<\/li>\r\n \t<li class=\"has-body-md-font-size\">hvilke rettigheder, du har<\/li>\r\n \t<li class=\"has-body-md-font-size\">hvor de kommer fra<\/li>\r\n \t<li class=\"has-body-md-font-size\">hvem, der er involveret<\/li>\r\n \t<li class=\"has-body-md-font-size\">hvorfor det er lovligt for os at g\u00f8re det.<\/li>\r\n<\/ul>\t\t\t\t\t\t\t\t<\/div>\n\t\t\t\t<\/div>\n\t\t\t\t<div class=\"elementor-element elementor-element-8baf486 elementor-widget-mobile__width-inherit elementor-widget elementor-widget-text-editor\" data-id=\"8baf486\" data-element_type=\"widget\" data-e-type=\"widget\" data-widget_type=\"text-editor.default\">\n\t\t\t\t<div class=\"elementor-widget-container\">\n\t\t\t\t\t\t\t\t\tVi har oprettet denne side, s\u00e5 du kan navigere i vores oplysninger om beskyttelse af personlige oplysninger og l\u00e6se mere om, hvordan vi h\u00e5ndterer dine personoplysninger, og hvad vi g\u00f8r for at passe p\u00e5 dem.\r\n\r\n\t\t\t\t\t\t\t\t<\/div>\n\t\t\t\t<\/div>\n\t\t\t\t\t<\/div>\n\t\t<\/div>\n\t\t\t\t\t<\/div>\n\t\t<\/section>\n\t\t\t\t<div class=\"elementor-element elementor-element-b13e3a7 elementor-widget elementor-widget-spacer\" data-id=\"b13e3a7\" data-element_type=\"widget\" data-e-type=\"widget\" data-widget_type=\"spacer.default\">\n\t\t\t\t<div class=\"elementor-widget-container\">\n\t\t\t\t\t\t\t<div class=\"elementor-spacer\">\n\t\t\t<div class=\"elementor-spacer-inner\"><\/div>\n\t\t<\/div>\n\t\t\t\t\t\t<\/div>\n\t\t\t\t<\/div>\n\t\t\t\t<div class=\"elementor-element elementor-element-6dadbf9 elementor-widget-mobile__width-inherit elementor-widget elementor-widget-text-editor\" data-id=\"6dadbf9\" data-element_type=\"widget\" data-e-type=\"widget\" data-widget_type=\"text-editor.default\">\n\t\t\t\t<div class=\"elementor-widget-container\">\n\t\t\t\t\t\t\t\t\tDine data \u2013 vores ansvar\r\n\t\t\t\t\t\t\t\t<\/div>\n\t\t\t\t<\/div>\n\t\t\t\t<div class=\"elementor-element elementor-element-d896543 elementor-widget-mobile__width-inherit elementor-widget elementor-widget-text-editor\" data-id=\"d896543\" data-element_type=\"widget\" data-e-type=\"widget\" data-widget_type=\"text-editor.default\">\n\t\t\t\t<div class=\"elementor-widget-container\">\n\t\t\t\t\t\t\t\t\t<p>Dine personoplysninger tilh\u00f8rer dig, og det er meget vigtigt for os, at du forst\u00e5r, hvilke personoplysninger vi indsamler om dig, hvordan vi indsamler dem, og hvorfor det er n\u00f8dvendigt.<\/p>\n\t\t\t\t\t\t\t\t<\/div>\n\t\t\t\t<\/div>\n\t\t\t\t<div class=\"elementor-element elementor-element-a3d478d elementor-widget elementor-widget-spacer\" data-id=\"a3d478d\" data-element_type=\"widget\" data-e-type=\"widget\" data-widget_type=\"spacer.default\">\n\t\t\t\t<div class=\"elementor-widget-container\">\n\t\t\t\t\t\t\t<div class=\"elementor-spacer\">\n\t\t\t<div class=\"elementor-spacer-inner\"><\/div>\n\t\t<\/div>\n\t\t\t\t\t\t<\/div>\n\t\t\t\t<\/div>\n\t\t\t\t<div class=\"elementor-element elementor-element-1ced48c elementor-widget-mobile__width-inherit elementor-widget elementor-widget-text-editor\" data-id=\"1ced48c\" data-element_type=\"widget\" data-e-type=\"widget\" data-widget_type=\"text-editor.default\">\n\t\t\t\t<div class=\"elementor-widget-container\">\n\t\t\t\t\t\t\t\t\tDine rettigheder\r\n\t\t\t\t\t\t\t\t<\/div>\n\t\t\t\t<\/div>\n\t\t\t\t<div class=\"elementor-element elementor-element-e0e5df9 elementor-widget-mobile__width-inherit elementor-widget elementor-widget-text-editor\" data-id=\"e0e5df9\" data-element_type=\"widget\" data-e-type=\"widget\" data-widget_type=\"text-editor.default\">\n\t\t\t\t<div class=\"elementor-widget-container\">\n\t\t\t\t\t\t\t\t\tHvis du \u00f8nsker at g\u00f8re brug af dine rettigheder over dine personoplysninger eller har brug for hj\u00e6lp, bedes du kontakte os via e-mail p\u00e5\u00a0<a href=\"mailto:dataprotection@britepayments.com\">dataprotection@britepayments.com<\/a>.\t\t\t\t\t\t\t\t<\/div>\n\t\t\t\t<\/div>\n\t\t\t\t\t<\/div>\n\t\t<\/div>\n\t\t\t\t\t<\/div>\n\t\t<\/section>\n\t\t\t\t<section class=\"elementor-section elementor-top-section elementor-element elementor-element-bad623a elementor-section-boxed elementor-section-height-default elementor-section-height-default wpr-particle-no wpr-jarallax-no wpr-parallax-no wpr-sticky-section-no wpr-equal-height-no\" data-id=\"bad623a\" data-element_type=\"section\" data-e-type=\"section\" data-settings=\"{&quot;background_background&quot;:&quot;classic&quot;}\">\n\t\t\t\t\t\t\t<div class=\"elementor-background-overlay\"><\/div>\n\t\t\t\t\t\t\t<div class=\"elementor-container elementor-column-gap-default\">\n\t\t\t\t\t<div class=\"elementor-column elementor-col-100 elementor-top-column elementor-element elementor-element-ae98b18\" data-id=\"ae98b18\" data-element_type=\"column\" data-e-type=\"column\">\n\t\t\t<div class=\"elementor-widget-wrap elementor-element-populated\">\n\t\t\t\t\t\t<div class=\"elementor-element elementor-element-c324729 elementor-widget elementor-widget-heading\" data-id=\"c324729\" data-element_type=\"widget\" data-e-type=\"widget\" data-widget_type=\"heading.default\">\n\t\t\t\t<div class=\"elementor-widget-container\">\n\t\t\t\t\t<span class=\"elementor-heading-title elementor-size-default\">Tillid gennem gennemsigtighed<\/span>\t\t\t\t<\/div>\n\t\t\t\t<\/div>\n\t\t\t\t<div class=\"elementor-element elementor-element-bd1e40b elementor-widget elementor-widget-heading\" data-id=\"bd1e40b\" data-element_type=\"widget\" data-e-type=\"widget\" data-widget_type=\"heading.default\">\n\t\t\t\t<div class=\"elementor-widget-container\">\n\t\t\t\t\t<p class=\"elementor-heading-title elementor-size-default\">Gennemsigtighed og tillid er af st\u00f8rste betydning for os. Vi arbejder h\u00e5rdt p\u00e5 at v\u00e6re transparente i forhold til at beskytte dine personlige oplysninger, fort\u00e6lle hvem vi er, hvorfor vi indsamler dine personoplysninger, og hvordan disse data bruges.<\/p>\t\t\t\t<\/div>\n\t\t\t\t<\/div>\n\t\t\t\t\t<\/div>\n\t\t<\/div>\n\t\t\t\t\t<\/div>\n\t\t<\/section>\n\t\t\t\t<section class=\"elementor-section elementor-top-section elementor-element elementor-element-11c10ea data elementor-section-boxed elementor-section-height-default elementor-section-height-default wpr-particle-no wpr-jarallax-no wpr-parallax-no wpr-sticky-section-no wpr-equal-height-no\" data-id=\"11c10ea\" data-element_type=\"section\" data-e-type=\"section\" data-settings=\"{&quot;background_background&quot;:&quot;classic&quot;}\">\n\t\t\t\t\t\t<div class=\"elementor-container elementor-column-gap-default\">\n\t\t\t\t\t<div class=\"elementor-column elementor-col-100 elementor-top-column elementor-element elementor-element-dec96d8\" data-id=\"dec96d8\" data-element_type=\"column\" data-e-type=\"column\">\n\t\t\t<div class=\"elementor-widget-wrap elementor-element-populated\">\n\t\t\t\t\t\t<div class=\"elementor-element elementor-element-5594b3b elementor-widget-mobile__width-inherit elementor-widget-tablet__width-inherit elementor-widget elementor-widget-heading\" data-id=\"5594b3b\" data-element_type=\"widget\" data-e-type=\"widget\" data-widget_type=\"heading.default\">\n\t\t\t\t<div class=\"elementor-widget-container\">\n\t\t\t\t\t<h2 class=\"elementor-heading-title elementor-size-default\">Oplysninger om beskyttelse af personlige oplysninger<\/h2>\t\t\t\t<\/div>\n\t\t\t\t<\/div>\n\t\t\t\t<div class=\"elementor-element elementor-element-6f3f4ab elementor-widget-mobile__width-inherit elementor-widget elementor-widget-text-editor\" data-id=\"6f3f4ab\" data-element_type=\"widget\" data-e-type=\"widget\" data-widget_type=\"text-editor.default\">\n\t\t\t\t<div class=\"elementor-widget-container\">\n\t\t\t\t\t\t\t\t\t<p>Hos Brite er vi dedikeret til at levere dig den bedste brugeroplevelse. Nedenfor finder du vores persondatapolitik.<\/p>\n\t\t\t\t\t\t\t\t<\/div>\n\t\t\t\t<\/div>\n\t\t\t\t<div class=\"elementor-element elementor-element-8425c04 elementor-widget-mobile__width-inherit elementor-widget elementor-widget-text-editor\" data-id=\"8425c04\" data-element_type=\"widget\" data-e-type=\"widget\" data-widget_type=\"text-editor.default\">\n\t\t\t\t<div class=\"elementor-widget-container\">\n\t\t\t\t\t\t\t\t\t<ul>\r\n \t<li>Hvis du har brugt vores betalingstjenester eller andre relaterede tjenester, vi tilbyder, til betaling til eller fra vores partnere, eller hvis du har bes\u00f8gt vores websted og kontaktet vores support, skal du l\u00e6se vores persondatapolitik,\u00a0<a href=\"https:\/\/britepayments.com\/dk\/privacy-policy\/\">der er tilg\u00e6ngelig her<\/a><\/li>\r\n<\/ul>\t\t\t\t\t\t\t\t<\/div>\n\t\t\t\t<\/div>\n\t\t\t\t<div class=\"elementor-element elementor-element-e0f793e elementor-widget-mobile__width-inherit elementor-widget elementor-widget-text-editor\" data-id=\"e0f793e\" data-element_type=\"widget\" data-e-type=\"widget\" data-widget_type=\"text-editor.default\">\n\t\t\t\t<div class=\"elementor-widget-container\">\n\t\t\t\t\t\t\t\t\t<ul>\n<li>Hvis du har s\u00f8gt job hos Brite, kan du l\u00e6se vores oplysninger om beskyttelse af personlige\u00a0<a href=\"https:\/\/careers.britepayments.com\/privacy-policy\">oplysninger for ans\u00f8gere her<\/a><\/li>\n<\/ul>\n\t\t\t\t\t\t\t\t<\/div>\n\t\t\t\t<\/div>\n\t\t\t\t\t<\/div>\n\t\t<\/div>\n\t\t\t\t\t<\/div>\n\t\t<\/section>\n\t\t\t\t<\/div>\n\t\t","protected":false},"excerpt":{"rendered":"<p>Brite&#8217;s Privacy Commitment Fortrolighed er vigtigt for os, og vi tager beskyttelse af dine personlige oplysninger alvorligt. Vi forpligter os til at give dig klare og gennemsigtige oplysninger om: hvilke personoplysninger, vi behandler hvorfor og hvordan, vi g\u00f8r det hvilke rettigheder, du har hvor de kommer fra hvem, der er involveret hvorfor det er lovligt for os at g\u00f8re det. Vi har oprettet denne side, s\u00e5 du kan navigere i vores oplysninger om beskyttelse af personlige oplysninger og l\u00e6se mere om, hvordan vi h\u00e5ndterer dine personoplysninger, og hvad vi g\u00f8r for at passe p\u00e5 dem. Dine data \u2013 vores ansvar Dine personoplysninger tilh\u00f8rer dig, og det er meget vigtigt for os, at du forst\u00e5r, hvilke personoplysninger vi indsamler om dig, hvordan vi indsamler dem, og hvorfor det er n\u00f8dvendigt. Dine rettigheder Hvis du \u00f8nsker at g\u00f8re brug af dine rettigheder over dine personoplysninger eller har brug for hj\u00e6lp, bedes du kontakte os via e-mail p\u00e5\u00a0dataprotection@britepayments.com. Tillid gennem gennemsigtighed Gennemsigtighed og tillid er af st\u00f8rste betydning for os. Vi arbejder h\u00e5rdt p\u00e5 at v\u00e6re transparente i forhold til at beskytte dine personlige oplysninger, fort\u00e6lle hvem vi er, hvorfor vi indsamler dine personoplysninger, og hvordan disse data bruges. Oplysninger om beskyttelse af personlige oplysninger Hos Brite er vi dedikeret til at levere dig den bedste brugeroplevelse. Nedenfor finder du vores persondatapolitik. Hvis du har brugt vores betalingstjenester eller andre relaterede tjenester, vi tilbyder, til betaling til eller fra vores partnere, eller hvis du har bes\u00f8gt vores websted og kontaktet vores support, skal du l\u00e6se vores persondatapolitik,\u00a0der er tilg\u00e6ngelig her Hvis du har s\u00f8gt job hos Brite, kan du l\u00e6se vores oplysninger om beskyttelse af personlige\u00a0oplysninger for ans\u00f8gere her<\/p>\n","protected":false},"author":35,"featured_media":0,"parent":0,"menu_order":0,"comment_status":"closed","ping_status":"closed","template":"","meta":{"_acf_changed":false,"content-type":"","footnotes":""},"class_list":["post-20960","page","type-page","status-publish","hentry"],"acf":[],"_links":{"self":[{"href":"https:\/\/britepayments.com\/da\/wp-json\/wp\/v2\/pages\/20960","targetHints":{"allow":["GET"]}}],"collection":[{"href":"https:\/\/britepayments.com\/da\/wp-json\/wp\/v2\/pages"}],"about":[{"href":"https:\/\/britepayments.com\/da\/wp-json\/wp\/v2\/types\/page"}],"author":[{"embeddable":true,"href":"https:\/\/britepayments.com\/da\/wp-json\/wp\/v2\/users\/35"}],"replies":[{"embeddable":true,"href":"https:\/\/britepayments.com\/da\/wp-json\/wp\/v2\/comments?post=20960"}],"version-history":[{"count":13,"href":"https:\/\/britepayments.com\/da\/wp-json\/wp\/v2\/pages\/20960\/revisions"}],"predecessor-version":[{"id":46899,"href":"https:\/\/britepayments.com\/da\/wp-json\/wp\/v2\/pages\/20960\/revisions\/46899"}],"wp:attachment":[{"href":"https:\/\/britepayments.com\/da\/wp-json\/wp\/v2\/media?parent=20960"}],"curies":[{"name":"wp","href":"https:\/\/api.w.org\/{rel}","templated":true}]}}