{"id":20132,"date":"2025-03-12T10:34:51","date_gmt":"2025-03-12T08:34:51","guid":{"rendered":"https:\/\/britepayments.com\/partner-contact\/"},"modified":"2026-01-27T12:00:09","modified_gmt":"2026-01-27T10:00:09","slug":"partner-contact","status":"publish","type":"page","link":"https:\/\/britepayments.com\/de\/partner-contact\/","title":{"rendered":"Partner Contact"},"content":{"rendered":"\t\t<div data-elementor-type=\"wp-page\" data-elementor-id=\"20132\" class=\"elementor elementor-20132 elementor-18827\" data-elementor-post-type=\"page\">\n\t\t\t\t\t\t<section class=\"elementor-section elementor-top-section elementor-element elementor-element-759aaa0 elementor-section-height-min-height elementor-section-items-stretch elementor-section-full_width elementor-section-height-default wpr-particle-no wpr-jarallax-no wpr-parallax-no wpr-sticky-section-no\" data-id=\"759aaa0\" data-element_type=\"section\" data-e-type=\"section\">\n\t\t\t\t\t\t<div class=\"elementor-container elementor-column-gap-default\">\n\t\t\t\t\t<div class=\"elementor-column elementor-col-50 elementor-top-column elementor-element elementor-element-85501d7\" data-id=\"85501d7\" data-element_type=\"column\" data-e-type=\"column\">\n\t\t\t<div class=\"elementor-widget-wrap elementor-element-populated\">\n\t\t\t\t\t\t<div class=\"elementor-element elementor-element-7fe3771 elementor-widget elementor-widget-heading\" data-id=\"7fe3771\" data-element_type=\"widget\" data-e-type=\"widget\" data-widget_type=\"heading.default\">\n\t\t\t\t<div class=\"elementor-widget-container\">\n\t\t\t\t\t<h1 class=\"elementor-heading-title elementor-size-default\">Werden Sie Brite Payment-Partner<\/h1>\t\t\t\t<\/div>\n\t\t\t\t<\/div>\n\t\t\t\t<div class=\"elementor-element elementor-element-33a07d9 elementor-widget elementor-widget-text-editor\" data-id=\"33a07d9\" data-element_type=\"widget\" data-e-type=\"widget\" data-widget_type=\"text-editor.default\">\n\t\t\t\t<div class=\"elementor-widget-container\">\n\t\t\t\t\t\t\t\t\t<p><span data-sheets-root=\"1\">F\u00fcllen Sie einfach das Formular aus \u2013 Ihr pers\u00f6nlicher Partner-Manager wird sich in K\u00fcrze bei Ihnen melden. Gemeinsam evaluieren wir Kooperationsm\u00f6glichkeiten und beantworten Ihre Fragen zu einer Partnerschaft mit Brite. <\/span><\/p>\t\t\t\t\t\t\t\t<\/div>\n\t\t\t\t<\/div>\n\t\t\t\t<div class=\"elementor-element elementor-element-a82cd9c elementor-widget elementor-widget-text-editor\" data-id=\"a82cd9c\" data-element_type=\"widget\" data-e-type=\"widget\" data-widget_type=\"text-editor.default\">\n\t\t\t\t<div class=\"elementor-widget-container\">\n\t\t\t\t\t\t\t\t\t\n\t\t\t<div\n\t\t\tclass=\"hs-form-frame\"\n\t\t\tdata-region=\"eu1\"\n\t\t\tdata-form-id=\"32de602c-ec36-4a11-815c-06e1bbaf629c\"\n\t\t\tdata-portal-id=\"24910633\"\n\t\t\t >\n\t\t\t<\/div>\n\t\t\t\t\t\t\t\t\t\t\t<\/div>\n\t\t\t\t<\/div>\n\t\t\t\t\t<\/div>\n\t\t<\/div>\n\t\t\t\t<div class=\"elementor-column elementor-col-50 elementor-top-column elementor-element elementor-element-e10300f\" data-id=\"e10300f\" data-element_type=\"column\" data-e-type=\"column\" data-settings=\"{&quot;background_background&quot;:&quot;gradient&quot;}\">\n\t\t\t<div class=\"elementor-widget-wrap elementor-element-populated\">\n\t\t\t\t\t\t<div class=\"elementor-element elementor-element-d5a1a53 elementor-widget elementor-widget-spacer\" data-id=\"d5a1a53\" data-element_type=\"widget\" data-e-type=\"widget\" data-widget_type=\"spacer.default\">\n\t\t\t\t<div class=\"elementor-widget-container\">\n\t\t\t\t\t\t\t<div class=\"elementor-spacer\">\n\t\t\t<div class=\"elementor-spacer-inner\"><\/div>\n\t\t<\/div>\n\t\t\t\t\t\t<\/div>\n\t\t\t\t<\/div>\n\t\t\t\t<div class=\"elementor-element elementor-element-41cf10e elementor-widget elementor-widget-heading\" data-id=\"41cf10e\" data-element_type=\"widget\" data-e-type=\"widget\" data-widget_type=\"heading.default\">\n\t\t\t\t<div class=\"elementor-widget-container\">\n\t\t\t\t\t<h2 class=\"elementor-heading-title elementor-size-default\">Gute Gr\u00fcnde f\u00fcr eine Partnerschaft mit Brite<\/h2>\t\t\t\t<\/div>\n\t\t\t\t<\/div>\n\t\t\t\t<div class=\"elementor-element elementor-element-0d1a173 elementor-widget elementor-widget-text-editor\" data-id=\"0d1a173\" data-element_type=\"widget\" data-e-type=\"widget\" data-widget_type=\"text-editor.default\">\n\t\t\t\t<div class=\"elementor-widget-container\">\n\t\t\t\t\t\t\t\t\t<p>Wachstum durch innovative Zahlungsl\u00f6sungen.\u00a0<br \/><span style=\"letter-spacing: 0.02em; background-color: transparent;\">Skalierbarkeit durch grenz\u00fcberschreitende Zahlungen. <br \/>Schnelles Checkout-Erlebnis f\u00fcr mehr Conversions. <br \/>Pers\u00f6nlicher Support durch unsere Experten.<\/span><\/p>\t\t\t\t\t\t\t\t<\/div>\n\t\t\t\t<\/div>\n\t\t\t\t<div class=\"elementor-element elementor-element-19f548a elementor-widget-divider--view-line elementor-widget elementor-widget-divider\" data-id=\"19f548a\" data-element_type=\"widget\" data-e-type=\"widget\" data-widget_type=\"divider.default\">\n\t\t\t\t<div class=\"elementor-widget-container\">\n\t\t\t\t\t\t\t<div class=\"elementor-divider\">\n\t\t\t<span class=\"elementor-divider-separator\">\n\t\t\t\t\t\t<\/span>\n\t\t<\/div>\n\t\t\t\t\t\t<\/div>\n\t\t\t\t<\/div>\n\t\t\t\t<div class=\"elementor-element elementor-element-abe3877 elementor-widget elementor-widget-spacer\" data-id=\"abe3877\" data-element_type=\"widget\" data-e-type=\"widget\" data-widget_type=\"spacer.default\">\n\t\t\t\t<div class=\"elementor-widget-container\">\n\t\t\t\t\t\t\t<div class=\"elementor-spacer\">\n\t\t\t<div class=\"elementor-spacer-inner\"><\/div>\n\t\t<\/div>\n\t\t\t\t\t\t<\/div>\n\t\t\t\t<\/div>\n\t\t\t\t<section class=\"elementor-section elementor-inner-section elementor-element elementor-element-c43e60e elementor-section-boxed elementor-section-height-default elementor-section-height-default wpr-particle-no wpr-jarallax-no wpr-parallax-no wpr-sticky-section-no\" data-id=\"c43e60e\" data-element_type=\"section\" data-e-type=\"section\">\n\t\t\t\t\t\t<div class=\"elementor-container elementor-column-gap-default\">\n\t\t\t\t\t<div class=\"elementor-column elementor-col-50 elementor-inner-column elementor-element elementor-element-b55febb\" data-id=\"b55febb\" data-element_type=\"column\" data-e-type=\"column\">\n\t\t\t<div class=\"elementor-widget-wrap elementor-element-populated\">\n\t\t\t\t\t\t<div class=\"elementor-element elementor-element-43a4326 elementor-widget elementor-widget-text-editor\" data-id=\"43a4326\" data-element_type=\"widget\" data-e-type=\"widget\" data-widget_type=\"text-editor.default\">\n\t\t\t\t<div class=\"elementor-widget-container\">\n\t\t\t\t\t\t\t\t\tSie sind Privatkunde und ben\u00f6tigen Hilfe?\t\t\t\t\t\t\t\t<\/div>\n\t\t\t\t<\/div>\n\t\t\t\t\t<\/div>\n\t\t<\/div>\n\t\t\t\t<div class=\"elementor-column elementor-col-50 elementor-inner-column elementor-element elementor-element-1461f1c\" data-id=\"1461f1c\" data-element_type=\"column\" data-e-type=\"column\">\n\t\t\t<div class=\"elementor-widget-wrap elementor-element-populated\">\n\t\t\t\t\t\t<div class=\"elementor-element elementor-element-eea9957 elementor-align-justify elementor-widget elementor-widget-button\" data-id=\"eea9957\" data-element_type=\"widget\" data-e-type=\"widget\" data-widget_type=\"button.default\">\n\t\t\t\t<div class=\"elementor-widget-container\">\n\t\t\t\t\t\t\t\t\t<div class=\"elementor-button-wrapper\">\n\t\t\t\t\t<a class=\"elementor-button elementor-button-link elementor-size-sm\" href=\"\/de\/hilfe\/\">\n\t\t\t\t\t\t<span class=\"elementor-button-content-wrapper\">\n\t\t\t\t\t\t\t\t\t<span class=\"elementor-button-text\">Zum Kundensupport<\/span>\n\t\t\t\t\t<\/span>\n\t\t\t\t\t<\/a>\n\t\t\t\t<\/div>\n\t\t\t\t\t\t\t\t<\/div>\n\t\t\t\t<\/div>\n\t\t\t\t\t<\/div>\n\t\t<\/div>\n\t\t\t\t\t<\/div>\n\t\t<\/section>\n\t\t\t\t<section class=\"elementor-section elementor-inner-section elementor-element elementor-element-761d3f1 elementor-section-boxed elementor-section-height-default elementor-section-height-default wpr-particle-no wpr-jarallax-no wpr-parallax-no wpr-sticky-section-no\" data-id=\"761d3f1\" data-element_type=\"section\" data-e-type=\"section\">\n\t\t\t\t\t\t<div class=\"elementor-container elementor-column-gap-default\">\n\t\t\t\t\t<div class=\"elementor-column elementor-col-50 elementor-inner-column elementor-element elementor-element-0d85112\" data-id=\"0d85112\" data-element_type=\"column\" data-e-type=\"column\">\n\t\t\t<div class=\"elementor-widget-wrap elementor-element-populated\">\n\t\t\t\t\t\t<div class=\"elementor-element elementor-element-f8cf5f0 elementor-widget elementor-widget-text-editor\" data-id=\"f8cf5f0\" data-element_type=\"widget\" data-e-type=\"widget\" data-widget_type=\"text-editor.default\">\n\t\t\t\t<div class=\"elementor-widget-container\">\n\t\t\t\t\t\t\t\t\tSuchen Sie unsere Dokumentation f\u00fcr Entwickler?\t\t\t\t\t\t\t\t<\/div>\n\t\t\t\t<\/div>\n\t\t\t\t\t<\/div>\n\t\t<\/div>\n\t\t\t\t<div class=\"elementor-column elementor-col-50 elementor-inner-column elementor-element elementor-element-5c38895\" data-id=\"5c38895\" data-element_type=\"column\" data-e-type=\"column\">\n\t\t\t<div class=\"elementor-widget-wrap elementor-element-populated\">\n\t\t\t\t\t\t<div class=\"elementor-element elementor-element-b2e6aa2 elementor-align-justify elementor-widget elementor-widget-button\" data-id=\"b2e6aa2\" data-element_type=\"widget\" data-e-type=\"widget\" data-widget_type=\"button.default\">\n\t\t\t\t<div class=\"elementor-widget-container\">\n\t\t\t\t\t\t\t\t\t<div class=\"elementor-button-wrapper\">\n\t\t\t\t\t<a class=\"elementor-button elementor-button-link elementor-size-sm\" href=\"https:\/\/docs.britepayments.com\/\">\n\t\t\t\t\t\t<span class=\"elementor-button-content-wrapper\">\n\t\t\t\t\t\t\t\t\t<span class=\"elementor-button-text\">Zu Brite Docs<\/span>\n\t\t\t\t\t<\/span>\n\t\t\t\t\t<\/a>\n\t\t\t\t<\/div>\n\t\t\t\t\t\t\t\t<\/div>\n\t\t\t\t<\/div>\n\t\t\t\t\t<\/div>\n\t\t<\/div>\n\t\t\t\t\t<\/div>\n\t\t<\/section>\n\t\t\t\t\t<\/div>\n\t\t<\/div>\n\t\t\t\t\t<\/div>\n\t\t<\/section>\n\t\t\t\t<\/div>\n\t\t","protected":false},"excerpt":{"rendered":"<p>Werden Sie Brite Payment-Partner F\u00fcllen Sie einfach das Formular aus \u2013 Ihr pers\u00f6nlicher Partner-Manager wird sich in K\u00fcrze bei Ihnen melden. Gemeinsam evaluieren wir Kooperationsm\u00f6glichkeiten und beantworten Ihre Fragen zu einer Partnerschaft mit Brite. Gute Gr\u00fcnde f\u00fcr eine Partnerschaft mit Brite Wachstum durch innovative Zahlungsl\u00f6sungen.\u00a0Skalierbarkeit durch grenz\u00fcberschreitende Zahlungen. Schnelles Checkout-Erlebnis f\u00fcr mehr Conversions. Pers\u00f6nlicher Support durch unsere Experten. Sie sind Privatkunde und ben\u00f6tigen Hilfe? Zum Kundensupport Suchen Sie unsere Dokumentation f\u00fcr Entwickler? Zu Brite Docs<\/p>\n","protected":false},"author":35,"featured_media":0,"parent":0,"menu_order":0,"comment_status":"closed","ping_status":"closed","template":"","meta":{"_acf_changed":false,"content-type":"","footnotes":""},"class_list":["post-20132","page","type-page","status-publish","hentry"],"acf":[],"_links":{"self":[{"href":"https:\/\/britepayments.com\/de\/wp-json\/wp\/v2\/pages\/20132","targetHints":{"allow":["GET"]}}],"collection":[{"href":"https:\/\/britepayments.com\/de\/wp-json\/wp\/v2\/pages"}],"about":[{"href":"https:\/\/britepayments.com\/de\/wp-json\/wp\/v2\/types\/page"}],"author":[{"embeddable":true,"href":"https:\/\/britepayments.com\/de\/wp-json\/wp\/v2\/users\/35"}],"replies":[{"embeddable":true,"href":"https:\/\/britepayments.com\/de\/wp-json\/wp\/v2\/comments?post=20132"}],"version-history":[{"count":28,"href":"https:\/\/britepayments.com\/de\/wp-json\/wp\/v2\/pages\/20132\/revisions"}],"predecessor-version":[{"id":45686,"href":"https:\/\/britepayments.com\/de\/wp-json\/wp\/v2\/pages\/20132\/revisions\/45686"}],"wp:attachment":[{"href":"https:\/\/britepayments.com\/de\/wp-json\/wp\/v2\/media?parent=20132"}],"curies":[{"name":"wp","href":"https:\/\/api.w.org\/{rel}","templated":true}]}}