{"id":20280,"date":"2025-03-20T13:30:16","date_gmt":"2025-03-20T11:30:16","guid":{"rendered":"https:\/\/britepayments.com\/privacy\/"},"modified":"2026-02-12T15:50:06","modified_gmt":"2026-02-12T13:50:06","slug":"datenschutzverpflichtung","status":"publish","type":"page","link":"https:\/\/britepayments.com\/de\/datenschutzverpflichtung\/","title":{"rendered":"Datenschutzverpflichtung"},"content":{"rendered":"\t\t<div data-elementor-type=\"wp-page\" data-elementor-id=\"20280\" class=\"elementor elementor-20280 elementor-19562\" data-elementor-post-type=\"page\">\n\t\t\t\t\t\t<section class=\"elementor-section elementor-top-section elementor-element elementor-element-a296612 elementor-section-boxed elementor-section-height-default elementor-section-height-default wpr-particle-no wpr-jarallax-no wpr-parallax-no wpr-sticky-section-no wpr-equal-height-no\" data-id=\"a296612\" data-element_type=\"section\" data-e-type=\"section\" data-settings=\"{&quot;background_background&quot;:&quot;classic&quot;}\">\n\t\t\t\t\t\t<div class=\"elementor-container elementor-column-gap-default\">\n\t\t\t\t\t<div class=\"elementor-column elementor-col-100 elementor-top-column elementor-element elementor-element-442d3ab\" data-id=\"442d3ab\" data-element_type=\"column\" data-e-type=\"column\">\n\t\t\t<div class=\"elementor-widget-wrap elementor-element-populated\">\n\t\t\t\t\t\t<div class=\"elementor-element elementor-element-62037f5 elementor-widget elementor-widget-heading\" data-id=\"62037f5\" data-element_type=\"widget\" data-e-type=\"widget\" data-widget_type=\"heading.default\">\n\t\t\t\t<div class=\"elementor-widget-container\">\n\t\t\t\t\t<h1 class=\"elementor-heading-title elementor-size-default\">Brites Datenschutzverpflichtung<\/h1>\t\t\t\t<\/div>\n\t\t\t\t<\/div>\n\t\t\t\t\t<\/div>\n\t\t<\/div>\n\t\t\t\t\t<\/div>\n\t\t<\/section>\n\t\t\t\t<section class=\"elementor-section elementor-top-section elementor-element elementor-element-d7ef35a elementor-section-boxed elementor-section-height-default elementor-section-height-default wpr-particle-no wpr-jarallax-no wpr-parallax-no wpr-sticky-section-no wpr-equal-height-no\" data-id=\"d7ef35a\" data-element_type=\"section\" data-e-type=\"section\">\n\t\t\t\t\t\t<div class=\"elementor-container elementor-column-gap-default\">\n\t\t\t\t\t<div class=\"elementor-column elementor-col-100 elementor-top-column elementor-element elementor-element-196dc22\" data-id=\"196dc22\" data-element_type=\"column\" data-e-type=\"column\">\n\t\t\t<div class=\"elementor-widget-wrap elementor-element-populated\">\n\t\t\t\t\t\t<section class=\"elementor-section elementor-inner-section elementor-element elementor-element-c8bbf20 elementor-section-full_width elementor-section-height-default elementor-section-height-default wpr-particle-no wpr-jarallax-no wpr-parallax-no wpr-sticky-section-no wpr-equal-height-no\" data-id=\"c8bbf20\" data-element_type=\"section\" data-e-type=\"section\">\n\t\t\t\t\t\t<div class=\"elementor-container elementor-column-gap-default\">\n\t\t\t\t\t<div class=\"elementor-column elementor-col-50 elementor-inner-column elementor-element elementor-element-57457b0\" data-id=\"57457b0\" data-element_type=\"column\" data-e-type=\"column\">\n\t\t\t<div class=\"elementor-widget-wrap elementor-element-populated\">\n\t\t\t\t\t\t<div class=\"elementor-element elementor-element-bc74524 elementor-widget elementor-widget-image\" data-id=\"bc74524\" data-element_type=\"widget\" data-e-type=\"widget\" data-widget_type=\"image.default\">\n\t\t\t\t<div class=\"elementor-widget-container\">\n\t\t\t\t\t\t\t\t\t\t\t\t\t\t\t<img fetchpriority=\"high\" decoding=\"async\" width=\"833\" height=\"833\" src=\"https:\/\/britepayments.com\/wp-content\/uploads\/2025\/03\/Brite_Illo_22_AIS_Lilac-5.png\" class=\"attachment-full size-full wp-image-19563\" alt=\"\" srcset=\"https:\/\/britepayments.com\/wp-content\/uploads\/2025\/03\/Brite_Illo_22_AIS_Lilac-5.png 833w, https:\/\/britepayments.com\/wp-content\/uploads\/2025\/03\/Brite_Illo_22_AIS_Lilac-5-300x300.png 300w, https:\/\/britepayments.com\/wp-content\/uploads\/2025\/03\/Brite_Illo_22_AIS_Lilac-5-150x150.png 150w, https:\/\/britepayments.com\/wp-content\/uploads\/2025\/03\/Brite_Illo_22_AIS_Lilac-5-768x768.png 768w\" sizes=\"(max-width: 833px) 100vw, 833px\" \/>\t\t\t\t\t\t\t\t\t\t\t\t\t\t\t<\/div>\n\t\t\t\t<\/div>\n\t\t\t\t\t<\/div>\n\t\t<\/div>\n\t\t\t\t<div class=\"elementor-column elementor-col-50 elementor-inner-column elementor-element elementor-element-a9fc5e8\" data-id=\"a9fc5e8\" data-element_type=\"column\" data-e-type=\"column\">\n\t\t\t<div class=\"elementor-widget-wrap elementor-element-populated\">\n\t\t\t\t\t\t<div class=\"elementor-element elementor-element-33fdfcc elementor-widget-mobile__width-inherit elementor-widget elementor-widget-heading\" data-id=\"33fdfcc\" data-element_type=\"widget\" data-e-type=\"widget\" data-widget_type=\"heading.default\">\n\t\t\t\t<div class=\"elementor-widget-container\">\n\t\t\t\t\t<h2 class=\"elementor-heading-title elementor-size-default\">Datenschutz ist uns wichtig und wir nehmen Ihre Privatsph\u00e4re sehr ernst. <\/h2>\t\t\t\t<\/div>\n\t\t\t\t<\/div>\n\t\t\t\t<div class=\"elementor-element elementor-element-f822e02 elementor-widget-mobile__width-inherit elementor-widget elementor-widget-heading\" data-id=\"f822e02\" data-element_type=\"widget\" data-e-type=\"widget\" data-widget_type=\"heading.default\">\n\t\t\t\t<div class=\"elementor-widget-container\">\n\t\t\t\t\t<h2 class=\"elementor-heading-title elementor-size-default\">Wir verpflichten uns darum, Ihnen die folgenden Informationen transaprent zur Verf\u00fcgung zu stellen: <\/h2>\t\t\t\t<\/div>\n\t\t\t\t<\/div>\n\t\t\t\t<div class=\"elementor-element elementor-element-59e172a elementor-widget-mobile__width-inherit elementor-widget elementor-widget-text-editor\" data-id=\"59e172a\" data-element_type=\"widget\" data-e-type=\"widget\" data-widget_type=\"text-editor.default\">\n\t\t\t\t<div class=\"elementor-widget-container\">\n\t\t\t\t\t\t\t\t\t<ul class=\"wp-block-list\">\r\n \t<li class=\"has-body-md-font-size\">Welche\u00a0 personenbezogenen Daten verarbeiten wir von Ihnen<\/li>\r\n \t<li class=\"has-body-md-font-size\">Warum verarbeiten wir diese Daten<\/li>\r\n \t<li class=\"has-body-md-font-size\">Welche Rechte haben Sie<\/li>\r\n \t<li class=\"has-body-md-font-size\">Woher stammen die von uns erhobenen Daten<\/li>\r\n \t<li class=\"has-body-md-font-size\">Wer ist an der Datenerhebung beteiligt<\/li>\r\n \t<li class=\"has-body-md-font-size\">Wie ist es f\u00fcr uns gesetzlich zul\u00e4ssig, die Daten zu erheben<\/li>\r\n<\/ul>\t\t\t\t\t\t\t\t<\/div>\n\t\t\t\t<\/div>\n\t\t\t\t<div class=\"elementor-element elementor-element-8baf486 elementor-widget-mobile__width-inherit elementor-widget elementor-widget-text-editor\" data-id=\"8baf486\" data-element_type=\"widget\" data-e-type=\"widget\" data-widget_type=\"text-editor.default\">\n\t\t\t\t<div class=\"elementor-widget-container\">\n\t\t\t\t\t\t\t\t\tWir haben diese Seite erstellt, um unsere Datenschutzhinweise transparent darzulegen und Ihnen ersichtlich zu machen, wie wir Ihre personenbezogenen Daten behandeln und was wir tun, um diese sicher aufzubewahren.\t\t\t\t\t\t\t\t<\/div>\n\t\t\t\t<\/div>\n\t\t\t\t\t<\/div>\n\t\t<\/div>\n\t\t\t\t\t<\/div>\n\t\t<\/section>\n\t\t\t\t<div class=\"elementor-element elementor-element-b13e3a7 elementor-widget elementor-widget-spacer\" data-id=\"b13e3a7\" data-element_type=\"widget\" data-e-type=\"widget\" data-widget_type=\"spacer.default\">\n\t\t\t\t<div class=\"elementor-widget-container\">\n\t\t\t\t\t\t\t<div class=\"elementor-spacer\">\n\t\t\t<div class=\"elementor-spacer-inner\"><\/div>\n\t\t<\/div>\n\t\t\t\t\t\t<\/div>\n\t\t\t\t<\/div>\n\t\t\t\t<div class=\"elementor-element elementor-element-6dadbf9 elementor-widget-mobile__width-inherit elementor-widget elementor-widget-text-editor\" data-id=\"6dadbf9\" data-element_type=\"widget\" data-e-type=\"widget\" data-widget_type=\"text-editor.default\">\n\t\t\t\t<div class=\"elementor-widget-container\">\n\t\t\t\t\t\t\t\t\tIhre Daten \u2013 unsere Verantwortung\r\n\t\t\t\t\t\t\t\t<\/div>\n\t\t\t\t<\/div>\n\t\t\t\t<div class=\"elementor-element elementor-element-d896543 elementor-widget-mobile__width-inherit elementor-widget elementor-widget-text-editor\" data-id=\"d896543\" data-element_type=\"widget\" data-e-type=\"widget\" data-widget_type=\"text-editor.default\">\n\t\t\t\t<div class=\"elementor-widget-container\">\n\t\t\t\t\t\t\t\t\t<p>Ihre personenbezogenen Daten geh\u00f6ren Ihnen und es ist uns sehr wichtig, dass Sie verstehen, welche personenbezogenen Daten wir von Ihnen sammeln, wie wir sie sammeln und warum dies notwendig ist.<\/p>\n<p>Uns ist es wichtig, klar aufzuzeigen, welche personenbezogenen Daten wir erheben, wie wir diese Daten sammeln und warum dies berhaupt notwendig ist. <\/p>\n\t\t\t\t\t\t\t\t<\/div>\n\t\t\t\t<\/div>\n\t\t\t\t<div class=\"elementor-element elementor-element-a3d478d elementor-widget elementor-widget-spacer\" data-id=\"a3d478d\" data-element_type=\"widget\" data-e-type=\"widget\" data-widget_type=\"spacer.default\">\n\t\t\t\t<div class=\"elementor-widget-container\">\n\t\t\t\t\t\t\t<div class=\"elementor-spacer\">\n\t\t\t<div class=\"elementor-spacer-inner\"><\/div>\n\t\t<\/div>\n\t\t\t\t\t\t<\/div>\n\t\t\t\t<\/div>\n\t\t\t\t<div class=\"elementor-element elementor-element-1ced48c elementor-widget-mobile__width-inherit elementor-widget elementor-widget-text-editor\" data-id=\"1ced48c\" data-element_type=\"widget\" data-e-type=\"widget\" data-widget_type=\"text-editor.default\">\n\t\t\t\t<div class=\"elementor-widget-container\">\n\t\t\t\t\t\t\t\t\tIhre Rechte\r\n\t\t\t\t\t\t\t\t<\/div>\n\t\t\t\t<\/div>\n\t\t\t\t<div class=\"elementor-element elementor-element-e0e5df9 elementor-widget-mobile__width-inherit elementor-widget elementor-widget-text-editor\" data-id=\"e0e5df9\" data-element_type=\"widget\" data-e-type=\"widget\" data-widget_type=\"text-editor.default\">\n\t\t\t\t<div class=\"elementor-widget-container\">\n\t\t\t\t\t\t\t\t\tWenn Sie Ihre Rechte in Bezug auf Ihre personenbezogenen Daten aus\u00fcben m\u00f6chten oder Hilfe ben\u00f6tigen, kontaktieren Sie uns bitte per E-Mail unter\u00a0<a href=\"mailto:dataprotection@britepayments.com\">dataprotection@britepayments.com<\/a>.\t\t\t\t\t\t\t\t<\/div>\n\t\t\t\t<\/div>\n\t\t\t\t\t<\/div>\n\t\t<\/div>\n\t\t\t\t\t<\/div>\n\t\t<\/section>\n\t\t\t\t<section class=\"elementor-section elementor-top-section elementor-element elementor-element-bad623a elementor-section-boxed elementor-section-height-default elementor-section-height-default wpr-particle-no wpr-jarallax-no wpr-parallax-no wpr-sticky-section-no wpr-equal-height-no\" data-id=\"bad623a\" data-element_type=\"section\" data-e-type=\"section\" data-settings=\"{&quot;background_background&quot;:&quot;classic&quot;}\">\n\t\t\t\t\t\t\t<div class=\"elementor-background-overlay\"><\/div>\n\t\t\t\t\t\t\t<div class=\"elementor-container elementor-column-gap-default\">\n\t\t\t\t\t<div class=\"elementor-column elementor-col-100 elementor-top-column elementor-element elementor-element-ae98b18\" data-id=\"ae98b18\" data-element_type=\"column\" data-e-type=\"column\">\n\t\t\t<div class=\"elementor-widget-wrap elementor-element-populated\">\n\t\t\t\t\t\t<div class=\"elementor-element elementor-element-c324729 elementor-widget elementor-widget-heading\" data-id=\"c324729\" data-element_type=\"widget\" data-e-type=\"widget\" data-widget_type=\"heading.default\">\n\t\t\t\t<div class=\"elementor-widget-container\">\n\t\t\t\t\t<span class=\"elementor-heading-title elementor-size-default\">Vertrauen durch Transparenz<\/span>\t\t\t\t<\/div>\n\t\t\t\t<\/div>\n\t\t\t\t<div class=\"elementor-element elementor-element-bd1e40b elementor-widget elementor-widget-heading\" data-id=\"bd1e40b\" data-element_type=\"widget\" data-e-type=\"widget\" data-widget_type=\"heading.default\">\n\t\t\t\t<div class=\"elementor-widget-container\">\n\t\t\t\t\t<p class=\"elementor-heading-title elementor-size-default\">Transparenz und Vertrauen stehen f\u00fcr uns an erster Stelle. Daher legen wir in unseren Datenschutzhinweisen klar und deutlich dar, wer wir sind, warum wir Ihre pers\u00f6nlichen Daten erfassen und wie diese Daten verwendet werden.<\/p>\t\t\t\t<\/div>\n\t\t\t\t<\/div>\n\t\t\t\t\t<\/div>\n\t\t<\/div>\n\t\t\t\t\t<\/div>\n\t\t<\/section>\n\t\t\t\t<section class=\"elementor-section elementor-top-section elementor-element elementor-element-11c10ea daten elementor-section-boxed elementor-section-height-default elementor-section-height-default wpr-particle-no wpr-jarallax-no wpr-parallax-no wpr-sticky-section-no wpr-equal-height-no\" data-id=\"11c10ea\" data-element_type=\"section\" data-e-type=\"section\" data-settings=\"{&quot;background_background&quot;:&quot;classic&quot;}\">\n\t\t\t\t\t\t<div class=\"elementor-container elementor-column-gap-default\">\n\t\t\t\t\t<div class=\"elementor-column elementor-col-100 elementor-top-column elementor-element elementor-element-dec96d8\" data-id=\"dec96d8\" data-element_type=\"column\" data-e-type=\"column\">\n\t\t\t<div class=\"elementor-widget-wrap elementor-element-populated\">\n\t\t\t\t\t\t<div class=\"elementor-element elementor-element-5594b3b elementor-widget-mobile__width-inherit elementor-widget-tablet__width-inherit elementor-widget elementor-widget-heading\" data-id=\"5594b3b\" data-element_type=\"widget\" data-e-type=\"widget\" data-widget_type=\"heading.default\">\n\t\t\t\t<div class=\"elementor-widget-container\">\n\t\t\t\t\t<h2 class=\"elementor-heading-title elementor-size-default\">Datenschutzhinweise<\/h2>\t\t\t\t<\/div>\n\t\t\t\t<\/div>\n\t\t\t\t<div class=\"elementor-element elementor-element-6f3f4ab elementor-widget-mobile__width-inherit elementor-widget elementor-widget-text-editor\" data-id=\"6f3f4ab\" data-element_type=\"widget\" data-e-type=\"widget\" data-widget_type=\"text-editor.default\">\n\t\t\t\t<div class=\"elementor-widget-container\">\n\t\t\t\t\t\t\t\t\t<p>Bei Brite setzen wir alles daran, Ihnen die bestm\u00f6gliche Benutzererfahrung zu bieten. Im Folgenden finden Sie unsere Datenschutzhinweise.<\/p>\n\t\t\t\t\t\t\t\t<\/div>\n\t\t\t\t<\/div>\n\t\t\t\t<div class=\"elementor-element elementor-element-8425c04 elementor-widget-mobile__width-inherit elementor-widget elementor-widget-text-editor\" data-id=\"8425c04\" data-element_type=\"widget\" data-e-type=\"widget\" data-widget_type=\"text-editor.default\">\n\t\t\t\t<div class=\"elementor-widget-container\">\n\t\t\t\t\t\t\t\t\t<ul>\r\n \t<li>Wenn Sie unsere Zahlungsdienste oder damit verbundene Dienstleistungen f\u00fcr Zahlungen an oder von unseren H\u00e4ndlern genutzt haben oder unsere Website besucht und unseren Support kontaktiert haben, lesen Sie bitte unsere Datenschutzerkl\u00e4rung,\u00a0<a href=\"https:\/\/britepayments.com\/de\/datenschutz\/\">die hier verf\u00fcgbar ist<\/a>.<\/li>\r\n<\/ul>\t\t\t\t\t\t\t\t<\/div>\n\t\t\t\t<\/div>\n\t\t\t\t<div class=\"elementor-element elementor-element-e0f793e elementor-widget-mobile__width-inherit elementor-widget elementor-widget-text-editor\" data-id=\"e0f793e\" data-element_type=\"widget\" data-e-type=\"widget\" data-widget_type=\"text-editor.default\">\n\t\t\t\t<div class=\"elementor-widget-container\">\n\t\t\t\t\t\t\t\t\t<ul>\n<li>Wenn Sie sich bei Brite um eine offene Stelle beworben haben, lesen Sie bitte unsere Datenschutzerkl\u00e4rung f\u00fcr Bewerber,\u00a0<a href=\"https:\/\/careers.britepayments.com\/privacy-policy\">die hier verf\u00fcgbar ist.<\/a><\/li>\n<\/ul>\n\t\t\t\t\t\t\t\t<\/div>\n\t\t\t\t<\/div>\n\t\t\t\t\t<\/div>\n\t\t<\/div>\n\t\t\t\t\t<\/div>\n\t\t<\/section>\n\t\t\t\t<\/div>\n\t\t","protected":false},"excerpt":{"rendered":"<p>Brites Datenschutzverpflichtung Datenschutz ist uns wichtig und wir nehmen Ihre Privatsph\u00e4re sehr ernst. Wir verpflichten uns darum, Ihnen die folgenden Informationen transaprent zur Verf\u00fcgung zu stellen: Welche\u00a0 personenbezogenen Daten verarbeiten wir von Ihnen Warum verarbeiten wir diese Daten Welche Rechte haben Sie Woher stammen die von uns erhobenen Daten Wer ist an der Datenerhebung beteiligt Wie ist es f\u00fcr uns gesetzlich zul\u00e4ssig, die Daten zu erheben Wir haben diese Seite erstellt, um unsere Datenschutzhinweise transparent darzulegen und Ihnen ersichtlich zu machen, wie wir Ihre personenbezogenen Daten behandeln und was wir tun, um diese sicher aufzubewahren. Ihre Daten \u2013 unsere Verantwortung Ihre personenbezogenen Daten geh\u00f6ren Ihnen und es ist uns sehr wichtig, dass Sie verstehen, welche personenbezogenen Daten wir von Ihnen sammeln, wie wir sie sammeln und warum dies notwendig ist. Uns ist es wichtig, klar aufzuzeigen, welche personenbezogenen Daten wir erheben, wie wir diese Daten sammeln und warum dies berhaupt notwendig ist. Ihre Rechte Wenn Sie Ihre Rechte in Bezug auf Ihre personenbezogenen Daten aus\u00fcben m\u00f6chten oder Hilfe ben\u00f6tigen, kontaktieren Sie uns bitte per E-Mail unter\u00a0dataprotection@britepayments.com. Vertrauen durch Transparenz Transparenz und Vertrauen stehen f\u00fcr uns an erster Stelle. Daher legen wir in unseren Datenschutzhinweisen klar und deutlich dar, wer wir sind, warum wir Ihre pers\u00f6nlichen Daten erfassen und wie diese Daten verwendet werden. Datenschutzhinweise Bei Brite setzen wir alles daran, Ihnen die bestm\u00f6gliche Benutzererfahrung zu bieten. Im Folgenden finden Sie unsere Datenschutzhinweise. Wenn Sie unsere Zahlungsdienste oder damit verbundene Dienstleistungen f\u00fcr Zahlungen an oder von unseren H\u00e4ndlern genutzt haben oder unsere Website besucht und unseren Support kontaktiert haben, lesen Sie bitte unsere Datenschutzerkl\u00e4rung,\u00a0die hier verf\u00fcgbar ist. Wenn Sie sich bei Brite um eine offene Stelle beworben haben, lesen Sie bitte unsere Datenschutzerkl\u00e4rung f\u00fcr Bewerber,\u00a0die hier verf\u00fcgbar ist.<\/p>\n","protected":false},"author":35,"featured_media":0,"parent":0,"menu_order":0,"comment_status":"closed","ping_status":"closed","template":"","meta":{"_acf_changed":false,"content-type":"","footnotes":""},"class_list":["post-20280","page","type-page","status-publish","hentry"],"acf":[],"_links":{"self":[{"href":"https:\/\/britepayments.com\/de\/wp-json\/wp\/v2\/pages\/20280","targetHints":{"allow":["GET"]}}],"collection":[{"href":"https:\/\/britepayments.com\/de\/wp-json\/wp\/v2\/pages"}],"about":[{"href":"https:\/\/britepayments.com\/de\/wp-json\/wp\/v2\/types\/page"}],"author":[{"embeddable":true,"href":"https:\/\/britepayments.com\/de\/wp-json\/wp\/v2\/users\/35"}],"replies":[{"embeddable":true,"href":"https:\/\/britepayments.com\/de\/wp-json\/wp\/v2\/comments?post=20280"}],"version-history":[{"count":14,"href":"https:\/\/britepayments.com\/de\/wp-json\/wp\/v2\/pages\/20280\/revisions"}],"predecessor-version":[{"id":46881,"href":"https:\/\/britepayments.com\/de\/wp-json\/wp\/v2\/pages\/20280\/revisions\/46881"}],"wp:attachment":[{"href":"https:\/\/britepayments.com\/de\/wp-json\/wp\/v2\/media?parent=20280"}],"curies":[{"name":"wp","href":"https:\/\/api.w.org\/{rel}","templated":true}]}}