{"id":23094,"date":"2025-05-14T10:05:32","date_gmt":"2025-05-14T10:05:32","guid":{"rendered":"https:\/\/britepayments.com\/?page_id=23094"},"modified":"2025-08-26T11:19:03","modified_gmt":"2025-08-26T11:19:03","slug":"impressum","status":"publish","type":"page","link":"https:\/\/britepayments.com\/de\/impressum\/","title":{"rendered":"Impressum"},"content":{"rendered":"\t\t<div data-elementor-type=\"wp-page\" data-elementor-id=\"23094\" class=\"elementor elementor-23094\" data-elementor-post-type=\"page\">\n\t\t\t\t\t\t<section class=\"elementor-section elementor-top-section elementor-element elementor-element-e5c9a4e elementor-section-boxed elementor-section-height-default elementor-section-height-default wpr-particle-no wpr-jarallax-no wpr-parallax-no wpr-sticky-section-no\" data-id=\"e5c9a4e\" data-element_type=\"section\" data-e-type=\"section\">\n\t\t\t\t\t\t<div class=\"elementor-container elementor-column-gap-default\">\n\t\t\t\t\t<div class=\"elementor-column elementor-col-100 elementor-top-column elementor-element elementor-element-fab4ad1\" data-id=\"fab4ad1\" data-element_type=\"column\" data-e-type=\"column\">\n\t\t\t<div class=\"elementor-widget-wrap elementor-element-populated\">\n\t\t\t\t\t\t<div class=\"elementor-element elementor-element-df022f8 elementor-widget elementor-widget-heading\" data-id=\"df022f8\" data-element_type=\"widget\" data-e-type=\"widget\" data-widget_type=\"heading.default\">\n\t\t\t\t<div class=\"elementor-widget-container\">\n\t\t\t\t\t<h2 class=\"elementor-heading-title elementor-size-default\">Impressum<\/h2>\t\t\t\t<\/div>\n\t\t\t\t<\/div>\n\t\t\t\t<div class=\"elementor-element elementor-element-c7d8d86 elementor-widget elementor-widget-spacer\" data-id=\"c7d8d86\" data-element_type=\"widget\" data-e-type=\"widget\" data-widget_type=\"spacer.default\">\n\t\t\t\t<div class=\"elementor-widget-container\">\n\t\t\t\t\t\t\t<div class=\"elementor-spacer\">\n\t\t\t<div class=\"elementor-spacer-inner\"><\/div>\n\t\t<\/div>\n\t\t\t\t\t\t<\/div>\n\t\t\t\t<\/div>\n\t\t\t\t<div class=\"elementor-element elementor-element-1114917 elementor-widget elementor-widget-text-editor\" data-id=\"1114917\" data-element_type=\"widget\" data-e-type=\"widget\" data-widget_type=\"text-editor.default\">\n\t\t\t\t<div class=\"elementor-widget-container\">\n\t\t\t\t\t\t\t\t\t<p><b>Betreiberin der Website<\/b>:\u00a0<a href=\"https:\/\/britepayments.com\/de\/\">https:\/\/britepayments.com\/de\/<\/a><\/p><p>Brite AB<br \/>Linn\u00e9gatan 5<br \/>114 47 Stockholm, Schweden<\/p><p><b>E-Mail:\u00a0<\/b><a href=\"mailto:support@britepayments.com\">support@britepayments.com<\/a><br \/><b>Telefonnummer<\/b>: +493091733630<br \/><b>Kontaktformular<\/b>:\u00a0<a href=\"https:\/\/britepayments.com\/de\/hilfe\/\">https:\/\/britepayments.com\/de\/hilfe\/<\/a><\/p><p><b>Gesch\u00e4ftsf\u00fchrerin und Vertretungsberechtigte<\/b>: Lena Hackel\u00f6er<\/p><p><b>Registriert im schwedischen Handelsregister unter:<\/b>\u00a0559116-1632<\/p><p><b>USt-ID:<\/b>\u00a0SE559116163201<\/p><p><b>Zust\u00e4ndige Aufsichtsbeh\u00f6rde:<\/b><\/p><p>Finansinspektionen<br \/>Box 7821<br \/>103 97 Stockholm<\/p><p>Wenn Sie detaillierte Informationen \u00fcber die Lizenzen von Brite erhalten m\u00f6chten, besuchen Sie bitte die Webseite der\u00a0<a href=\"http:\/\/www.fi.se\/\" target=\"_blank\" rel=\"noopener\">schwedischen Finanzaufsicht<\/a>\u00a0(Finansinspektionen).<\/p><p><b>Haben Sie Fragen oder m\u00f6chten Sie mehr \u00fcber uns erfahren?<\/b><br \/>Besuchen Sie dazu am besten unsere\u00a0<a href=\"https:\/\/britepayments.com\/de\/hilfe\/\">Webseite<\/a>.<\/p>\t\t\t\t\t\t\t\t<\/div>\n\t\t\t\t<\/div>\n\t\t\t\t\t<\/div>\n\t\t<\/div>\n\t\t\t\t\t<\/div>\n\t\t<\/section>\n\t\t\t\t<\/div>\n\t\t","protected":false},"excerpt":{"rendered":"<p>Impressum Betreiberin der Website:\u00a0https:\/\/britepayments.com\/de\/ Brite ABLinn\u00e9gatan 5114 47 Stockholm, Schweden E-Mail:\u00a0support@britepayments.comTelefonnummer: +493091733630Kontaktformular:\u00a0https:\/\/britepayments.com\/de\/hilfe\/ Gesch\u00e4ftsf\u00fchrerin und Vertretungsberechtigte: Lena Hackel\u00f6er Registriert im schwedischen Handelsregister unter:\u00a0559116-1632 USt-ID:\u00a0SE559116163201 Zust\u00e4ndige Aufsichtsbeh\u00f6rde: FinansinspektionenBox 7821103 97 Stockholm Wenn Sie detaillierte Informationen \u00fcber die Lizenzen von Brite erhalten m\u00f6chten, besuchen Sie bitte die Webseite der\u00a0schwedischen Finanzaufsicht\u00a0(Finansinspektionen). Haben Sie Fragen oder m\u00f6chten Sie mehr \u00fcber uns erfahren?Besuchen Sie dazu am besten unsere\u00a0Webseite.<\/p>\n","protected":false},"author":35,"featured_media":0,"parent":0,"menu_order":0,"comment_status":"closed","ping_status":"closed","template":"","meta":{"_acf_changed":false,"content-type":"","footnotes":""},"class_list":["post-23094","page","type-page","status-publish","hentry"],"acf":[],"_links":{"self":[{"href":"https:\/\/britepayments.com\/de\/wp-json\/wp\/v2\/pages\/23094","targetHints":{"allow":["GET"]}}],"collection":[{"href":"https:\/\/britepayments.com\/de\/wp-json\/wp\/v2\/pages"}],"about":[{"href":"https:\/\/britepayments.com\/de\/wp-json\/wp\/v2\/types\/page"}],"author":[{"embeddable":true,"href":"https:\/\/britepayments.com\/de\/wp-json\/wp\/v2\/users\/35"}],"replies":[{"embeddable":true,"href":"https:\/\/britepayments.com\/de\/wp-json\/wp\/v2\/comments?post=23094"}],"version-history":[{"count":3,"href":"https:\/\/britepayments.com\/de\/wp-json\/wp\/v2\/pages\/23094\/revisions"}],"predecessor-version":[{"id":23098,"href":"https:\/\/britepayments.com\/de\/wp-json\/wp\/v2\/pages\/23094\/revisions\/23098"}],"wp:attachment":[{"href":"https:\/\/britepayments.com\/de\/wp-json\/wp\/v2\/media?parent=23094"}],"curies":[{"name":"wp","href":"https:\/\/api.w.org\/{rel}","templated":true}]}}