{"id":23099,"date":"2025-05-14T10:41:29","date_gmt":"2025-05-14T10:41:29","guid":{"rendered":"https:\/\/britepayments.com\/?page_id=23099"},"modified":"2025-08-26T11:19:07","modified_gmt":"2025-08-26T11:19:07","slug":"webinar-shopware-payment-trends","status":"publish","type":"page","link":"https:\/\/britepayments.com\/de\/webinar-shopware-payment-trends\/","title":{"rendered":"Open Banking und die Payment Trends f\u00fcr 2025"},"content":{"rendered":"\t\t<div data-elementor-type=\"wp-page\" data-elementor-id=\"23099\" class=\"elementor elementor-23099\" data-elementor-post-type=\"page\">\n\t\t\t\t\t\t<section class=\"elementor-section elementor-top-section elementor-element elementor-element-fc9cb8d elementor-section-height-min-height elementor-section-boxed elementor-section-height-default elementor-section-items-middle wpr-particle-no wpr-jarallax-no wpr-parallax-no wpr-sticky-section-no wpr-equal-height-no\" data-id=\"fc9cb8d\" data-element_type=\"section\" data-e-type=\"section\" data-settings=\"{&quot;background_background&quot;:&quot;classic&quot;}\">\n\t\t\t\t\t\t<div class=\"elementor-container elementor-column-gap-default\">\n\t\t\t\t\t<div class=\"elementor-column elementor-col-100 elementor-top-column elementor-element elementor-element-8ce7fa4\" data-id=\"8ce7fa4\" data-element_type=\"column\" data-e-type=\"column\">\n\t\t\t<div class=\"elementor-widget-wrap elementor-element-populated\">\n\t\t\t\t\t\t<div class=\"elementor-element elementor-element-6febe03 elementor-widget elementor-widget-heading\" data-id=\"6febe03\" data-element_type=\"widget\" data-e-type=\"widget\" data-widget_type=\"heading.default\">\n\t\t\t\t<div class=\"elementor-widget-container\">\n\t\t\t\t\t<h1 class=\"elementor-heading-title elementor-size-default\"><span lang=\"en\">Open Banking<\/span> und die <span lang=\"en\">Payment Trends<\/span> f\u00fcr 2025<\/h1>\t\t\t\t<\/div>\n\t\t\t\t<\/div>\n\t\t\t\t<div class=\"elementor-element elementor-element-208ea18 elementor-widget__width-initial elementor-widget-mobile__width-inherit elementor-widget elementor-widget-text-editor\" data-id=\"208ea18\" data-element_type=\"widget\" data-e-type=\"widget\" data-widget_type=\"text-editor.default\">\n\t\t\t\t<div class=\"elementor-widget-container\">\n\t\t\t\t\t\t\t\t\tErfahren Sie, wie Verbraucher im Jahr 2024 und dar\u00fcber hinaus bezahlen m\u00f6chten \u2013 und warum Pay by Bank in Zukunft eine entscheidende Rolle in den Checkouts deutscher Online-H\u00e4ndler einnehmen wird.\n\n\t\t\t\t\t\t\t\t<\/div>\n\t\t\t\t<\/div>\n\t\t\t\t\t<\/div>\n\t\t<\/div>\n\t\t\t\t\t<\/div>\n\t\t<\/section>\n\t\t\t\t<section class=\"elementor-section elementor-top-section elementor-element elementor-element-9eed75a elementor-section-boxed elementor-section-height-default elementor-section-height-default wpr-particle-no wpr-jarallax-no wpr-parallax-no wpr-sticky-section-no wpr-equal-height-no\" data-id=\"9eed75a\" data-element_type=\"section\" data-e-type=\"section\">\n\t\t\t\t\t\t<div class=\"elementor-container elementor-column-gap-default\">\n\t\t\t\t\t<div class=\"elementor-column elementor-col-100 elementor-top-column elementor-element elementor-element-3385758\" data-id=\"3385758\" data-element_type=\"column\" data-e-type=\"column\">\n\t\t\t<div class=\"elementor-widget-wrap elementor-element-populated\">\n\t\t\t\t\t\t<div class=\"elementor-element elementor-element-e5b7149 elementor-widget elementor-widget-video\" data-id=\"e5b7149\" data-element_type=\"widget\" data-e-type=\"widget\" data-settings=\"{&quot;video_type&quot;:&quot;vimeo&quot;}\" data-widget_type=\"video.default\">\n\t\t\t\t<div class=\"elementor-widget-container\">\n\t\t\t\t\t\t\t<div class=\"elementor-wrapper elementor-open-inline\">\n\t\t\t<iframe class=\"elementor-video-iframe\" allowfullscreen allow=\"clipboard-write\" title=\"vimeo Video Player\" src=\"https:\/\/player.vimeo.com\/video\/1037832029?color&amp;autopause=0&amp;loop=0&amp;muted=0&amp;title=1&amp;portrait=1&amp;byline=1&amp;h=75dfd6a2c0#t=\"><\/iframe>\t\t<\/div>\n\t\t\t\t\t\t<\/div>\n\t\t\t\t<\/div>\n\t\t\t\t\t<\/div>\n\t\t<\/div>\n\t\t\t\t\t<\/div>\n\t\t<\/section>\n\t\t\t\t<\/div>\n\t\t","protected":false},"excerpt":{"rendered":"<p>Open Banking und die Payment Trends f\u00fcr 2025 Erfahren Sie, wie Verbraucher im Jahr 2024 und dar\u00fcber hinaus bezahlen m\u00f6chten \u2013 und warum Pay by Bank in Zukunft eine entscheidende Rolle in den Checkouts deutscher Online-H\u00e4ndler einnehmen wird. https:\/\/vimeo.com\/1037832029?h=75dfd6a2c0<\/p>\n","protected":false},"author":35,"featured_media":23104,"parent":0,"menu_order":0,"comment_status":"closed","ping_status":"closed","template":"","meta":{"_acf_changed":false,"content-type":"","footnotes":""},"class_list":["post-23099","page","type-page","status-publish","has-post-thumbnail","hentry"],"acf":[],"_links":{"self":[{"href":"https:\/\/britepayments.com\/de\/wp-json\/wp\/v2\/pages\/23099","targetHints":{"allow":["GET"]}}],"collection":[{"href":"https:\/\/britepayments.com\/de\/wp-json\/wp\/v2\/pages"}],"about":[{"href":"https:\/\/britepayments.com\/de\/wp-json\/wp\/v2\/types\/page"}],"author":[{"embeddable":true,"href":"https:\/\/britepayments.com\/de\/wp-json\/wp\/v2\/users\/35"}],"replies":[{"embeddable":true,"href":"https:\/\/britepayments.com\/de\/wp-json\/wp\/v2\/comments?post=23099"}],"version-history":[{"count":10,"href":"https:\/\/britepayments.com\/de\/wp-json\/wp\/v2\/pages\/23099\/revisions"}],"predecessor-version":[{"id":30095,"href":"https:\/\/britepayments.com\/de\/wp-json\/wp\/v2\/pages\/23099\/revisions\/30095"}],"wp:featuredmedia":[{"embeddable":true,"href":"https:\/\/britepayments.com\/de\/wp-json\/wp\/v2\/media\/23104"}],"wp:attachment":[{"href":"https:\/\/britepayments.com\/de\/wp-json\/wp\/v2\/media?parent=23099"}],"curies":[{"name":"wp","href":"https:\/\/api.w.org\/{rel}","templated":true}]}}