{"id":25727,"date":"2025-05-13T12:33:15","date_gmt":"2025-05-13T10:33:15","guid":{"rendered":"https:\/\/britepayments.com\/?page_id=25727"},"modified":"2026-01-29T13:26:06","modified_gmt":"2026-01-29T11:26:06","slug":"guide-rfp-pour-paiements-a2a","status":"publish","type":"page","link":"https:\/\/britepayments.com\/fr\/guide-rfp-pour-paiements-a2a\/","title":{"rendered":"Guide pour cr\u00e9er un RFP pour les paiements A2A"},"content":{"rendered":"\t\t<div data-elementor-type=\"wp-page\" data-elementor-id=\"25727\" class=\"elementor elementor-25727 elementor-23077\" data-elementor-post-type=\"page\">\n\t\t\t\t\t\t<section class=\"elementor-section elementor-top-section elementor-element elementor-element-fd658dd elementor-section-boxed elementor-section-height-default elementor-section-height-default wpr-particle-no wpr-jarallax-no wpr-parallax-no wpr-sticky-section-no\" data-id=\"fd658dd\" data-element_type=\"section\" data-e-type=\"section\" data-settings=\"{&quot;background_background&quot;:&quot;classic&quot;}\">\n\t\t\t\t\t\t<div class=\"elementor-container elementor-column-gap-default\">\n\t\t\t\t\t<div class=\"elementor-column elementor-col-50 elementor-top-column elementor-element elementor-element-0e8a1a3\" data-id=\"0e8a1a3\" data-element_type=\"column\" data-e-type=\"column\">\n\t\t\t<div class=\"elementor-widget-wrap elementor-element-populated\">\n\t\t\t\t\t\t<div class=\"elementor-element elementor-element-c15932d elementor-widget elementor-widget-heading\" data-id=\"c15932d\" data-element_type=\"widget\" data-e-type=\"widget\" data-widget_type=\"heading.default\">\n\t\t\t\t<div class=\"elementor-widget-container\">\n\t\t\t\t\t<h1 class=\"elementor-heading-title elementor-size-default\">Le guide de Brite pour cr\u00e9er un appel d'offres pour les <span style=\"color: #F7FF99\">paiements A2A instantan\u00e9s \/ Pay by Bank Payments<\/span><\/h1>\t\t\t\t<\/div>\n\t\t\t\t<\/div>\n\t\t\t\t<div class=\"elementor-element elementor-element-904424d elementor-widget elementor-widget-text-editor\" data-id=\"904424d\" data-element_type=\"widget\" data-e-type=\"widget\" data-widget_type=\"text-editor.default\">\n\t\t\t\t<div class=\"elementor-widget-container\">\n\t\t\t\t\t\t\t\t\t<p>Choisir le bon prestataire garantira le succ\u00e8s de votre strat\u00e9gie de paiement. Ce guide vous aidera \u00e0 trouver le partenaire id\u00e9al.<\/p>\t\t\t\t\t\t\t\t<\/div>\n\t\t\t\t<\/div>\n\t\t\t\t<div class=\"elementor-element elementor-element-05b3b16 elementor-align-left elementor-widget elementor-widget-button\" data-id=\"05b3b16\" data-element_type=\"widget\" data-e-type=\"widget\" data-widget_type=\"button.default\">\n\t\t\t\t<div class=\"elementor-widget-container\">\n\t\t\t\t\t\t\t\t\t<div class=\"elementor-button-wrapper\">\n\t\t\t\t\t<a class=\"elementor-button elementor-button-link elementor-size-sm\" href=\"#download_btn1\">\n\t\t\t\t\t\t<span class=\"elementor-button-content-wrapper\">\n\t\t\t\t\t\t\t\t\t<span class=\"elementor-button-text\">T\u00e9l\u00e9charger<\/span>\n\t\t\t\t\t<\/span>\n\t\t\t\t\t<\/a>\n\t\t\t\t<\/div>\n\t\t\t\t\t\t\t\t<\/div>\n\t\t\t\t<\/div>\n\t\t\t\t\t<\/div>\n\t\t<\/div>\n\t\t\t\t<div class=\"elementor-column elementor-col-50 elementor-top-column elementor-element elementor-element-a63d861\" data-id=\"a63d861\" data-element_type=\"column\" data-e-type=\"column\">\n\t\t\t<div class=\"elementor-widget-wrap elementor-element-populated\">\n\t\t\t\t\t\t<div class=\"elementor-element elementor-element-979cf44 elementor-widget elementor-widget-image\" data-id=\"979cf44\" data-element_type=\"widget\" data-e-type=\"widget\" data-widget_type=\"image.default\">\n\t\t\t\t<div class=\"elementor-widget-container\">\n\t\t\t\t\t\t\t\t\t\t\t\t\t\t\t<img fetchpriority=\"high\" decoding=\"async\" width=\"1313\" height=\"929\" src=\"https:\/\/britepayments.com\/wp-content\/uploads\/2026\/02\/RFP-Header-Mockup-FR.webp\" class=\"attachment-full size-full wp-image-25702\" alt=\"\" srcset=\"https:\/\/britepayments.com\/wp-content\/uploads\/2026\/02\/RFP-Header-Mockup-FR.webp 1313w, https:\/\/britepayments.com\/wp-content\/uploads\/2026\/02\/RFP-Header-Mockup-FR-300x212.webp 300w, https:\/\/britepayments.com\/wp-content\/uploads\/2026\/02\/RFP-Header-Mockup-FR-1024x725.webp 1024w, https:\/\/britepayments.com\/wp-content\/uploads\/2026\/02\/RFP-Header-Mockup-FR-768x543.webp 768w\" sizes=\"(max-width: 1313px) 100vw, 1313px\" \/>\t\t\t\t\t\t\t\t\t\t\t\t\t\t\t<\/div>\n\t\t\t\t<\/div>\n\t\t\t\t\t<\/div>\n\t\t<\/div>\n\t\t\t\t\t<\/div>\n\t\t<\/section>\n\t\t\t\t<section class=\"elementor-section elementor-top-section elementor-element elementor-element-e527c49 elementor-section-boxed elementor-section-height-default elementor-section-height-default wpr-particle-no wpr-jarallax-no wpr-parallax-no wpr-sticky-section-no\" data-id=\"e527c49\" data-element_type=\"section\" data-e-type=\"section\" id=\"download_btn1\" data-settings=\"{&quot;background_background&quot;:&quot;classic&quot;}\">\n\t\t\t\t\t\t<div class=\"elementor-container elementor-column-gap-default\">\n\t\t\t\t\t<div class=\"elementor-column elementor-col-50 elementor-top-column elementor-element elementor-element-850ecb5\" data-id=\"850ecb5\" data-element_type=\"column\" data-e-type=\"column\">\n\t\t\t<div class=\"elementor-widget-wrap elementor-element-populated\">\n\t\t\t\t\t\t<div class=\"elementor-element elementor-element-c8e4135 elementor-widget elementor-widget-heading\" data-id=\"c8e4135\" data-element_type=\"widget\" data-e-type=\"widget\" data-widget_type=\"heading.default\">\n\t\t\t\t<div class=\"elementor-widget-container\">\n\t\t\t\t\t<h2 class=\"elementor-heading-title elementor-size-default\">Comment cr\u00e9er un appel d'offres pour les paiements A2A<\/h2>\t\t\t\t<\/div>\n\t\t\t\t<\/div>\n\t\t\t\t<div class=\"elementor-element elementor-element-fde8b96 elementor-widget elementor-widget-text-editor\" data-id=\"fde8b96\" data-element_type=\"widget\" data-e-type=\"widget\" data-widget_type=\"text-editor.default\">\n\t\t\t\t<div class=\"elementor-widget-container\">\n\t\t\t\t\t\t\t\t\t<p>Bien que de nombreux fournisseurs affirment proposer des paiements A2A (de compte \u00e0 compte) fluides, toutes les solutions ne se valent pas. C&rsquo;est pourquoi nous avons cr\u00e9\u00e9 ce guide pratique pour aider les entreprises \u00e0 mettre en place un processus d&rsquo;appel d&rsquo;offres (RFP) structur\u00e9, con\u00e7u sp\u00e9cifiquement pour les solutions de paiement Pay by Bank et <a href=\"https:\/\/britepayments.com\/fr\/account-to-account-payments-explainer\/\">A2A instantan\u00e9es<\/a>.<\/p>\t\t\t\t\t\t\t\t<\/div>\n\t\t\t\t<\/div>\n\t\t\t\t<div class=\"elementor-element elementor-element-756bb81 elementor-widget elementor-widget-text-editor\" data-id=\"756bb81\" data-element_type=\"widget\" data-e-type=\"widget\" data-widget_type=\"text-editor.default\">\n\t\t\t\t<div class=\"elementor-widget-container\">\n\t\t\t\t\t\t\t\t\t<p>Que vous ajoutiez <a href=\"https:\/\/britepayments.com\/fr\/guide-sur-le-pay-by-bank\/\">Pay by Bank<\/a> \u00e0 votre processus de paiement ou que vous \u00e9valuiez de nouveaux fournisseurs de paiement, ce guide vous aidera \u00e0 poser les bonnes questions et \u00e0 prendre une d\u00e9cision \u00e9clair\u00e9e.<\/p>\t\t\t\t\t\t\t\t<\/div>\n\t\t\t\t<\/div>\n\t\t\t\t<div class=\"elementor-element elementor-element-54985f2 elementor-widget elementor-widget-text-editor\" data-id=\"54985f2\" data-element_type=\"widget\" data-e-type=\"widget\" data-widget_type=\"text-editor.default\">\n\t\t\t\t<div class=\"elementor-widget-container\">\n\t\t\t\t\t\t\t\t\t<p><strong>Dans ce guide, nous vous aidons \u00e0 comprendre :<\/strong><\/p><p><img decoding=\"async\" class=\"alignleft\" src=\"https:\/\/britepayments.com\/wp-content\/uploads\/2025\/03\/arrow-right-light.faf962.svg\" alt=\"\" width=\"24\" height=\"24\" \/>Pourquoi le moment est venu d&rsquo;adopter Pay by Bank et les paiements A2A instantan\u00e9s<\/p><p><img decoding=\"async\" class=\"alignleft\" src=\"https:\/\/britepayments.com\/wp-content\/uploads\/2025\/03\/arrow-right-light.faf962.svg\" alt=\"\" width=\"24\" height=\"24\" \/>Quelles questions inclure dans votre appel d&rsquo;offres, des exigences commerciales aux capacit\u00e9s techniques<\/p><p><img decoding=\"async\" class=\"alignleft\" src=\"https:\/\/britepayments.com\/wp-content\/uploads\/2025\/03\/arrow-right-light.faf962.svg\" \/>Comment \u00e9valuer les offres des fournisseurs en mati\u00e8re d&rsquo;int\u00e9gration, de r\u00e9conciliation et d&rsquo;\u00e9volutivit\u00e9<\/p><p><img decoding=\"async\" class=\"alignleft\" src=\"https:\/\/britepayments.com\/wp-content\/uploads\/2025\/03\/arrow-right-light.faf962.svg\" alt=\"\" width=\"24\" height=\"24\" \/>Les crit\u00e8res cl\u00e9s d&rsquo;un fournisseur de paiement p\u00e9renne<\/p>\t\t\t\t\t\t\t\t<\/div>\n\t\t\t\t<\/div>\n\t\t\t\t\t<\/div>\n\t\t<\/div>\n\t\t\t\t<div class=\"elementor-column elementor-col-50 elementor-top-column elementor-element elementor-element-8550ee1\" data-id=\"8550ee1\" data-element_type=\"column\" data-e-type=\"column\">\n\t\t\t<div class=\"elementor-widget-wrap elementor-element-populated\">\n\t\t\t\t\t\t<div class=\"elementor-element elementor-element-e13e16e elementor-widget elementor-widget-text-editor\" data-id=\"e13e16e\" data-element_type=\"widget\" data-e-type=\"widget\" data-widget_type=\"text-editor.default\">\n\t\t\t\t<div class=\"elementor-widget-container\">\n\t\t\t\t\t\t\t\t\t\n\t\t\t\t\t\t<script>\n\t\t\t\t\t\t\twindow.hsFormsOnReady = window.hsFormsOnReady || [];\n\t\t\t\t\t\t\twindow.hsFormsOnReady.push(()=>{\n\t\t\t\t\t\t\t\thbspt.forms.create({\n\t\t\t\t\t\t\t\t\tportalId: 24910633,\n\t\t\t\t\t\t\t\t\tformId: \"0cd73a48-d3d7-4262-8bb0-c97b6cbf2b72\",\n\t\t\t\t\t\t\t\t\ttarget: \"#hbspt-form-1775514596000-0664255149\",\n\t\t\t\t\t\t\t\t\tregion: \"eu1\",\n\t\t\t\t\t\t\t\t\t\n\t\t\t\t\t\t\t})});\n\t\t\t\t\t\t<\/script>\n\t\t\t\t\t\t<div class=\"hbspt-form\" id=\"hbspt-form-1775514596000-0664255149\"><\/div>\t\t\t\t\t\t\t\t<\/div>\n\t\t\t\t<\/div>\n\t\t\t\t\t<\/div>\n\t\t<\/div>\n\t\t\t\t\t<\/div>\n\t\t<\/section>\n\t\t\t\t<\/div>\n\t\t","protected":false},"excerpt":{"rendered":"<p>Le guide de Brite pour cr\u00e9er un appel d&rsquo;offres pour les paiements A2A instantan\u00e9s \/ Pay by Bank Payments Choisir le bon prestataire garantira le succ\u00e8s de votre strat\u00e9gie de paiement. Ce guide vous aidera \u00e0 trouver le partenaire id\u00e9al. T\u00e9l\u00e9charger Comment cr\u00e9er un appel d&rsquo;offres pour les paiements A2A Bien que de nombreux fournisseurs affirment proposer des paiements A2A (de compte \u00e0 compte) fluides, toutes les solutions ne se valent pas. C&rsquo;est pourquoi nous avons cr\u00e9\u00e9 ce guide pratique pour aider les entreprises \u00e0 mettre en place un processus d&rsquo;appel d&rsquo;offres (RFP) structur\u00e9, con\u00e7u sp\u00e9cifiquement pour les solutions de paiement Pay by Bank et A2A instantan\u00e9es. Que vous ajoutiez Pay by Bank \u00e0 votre processus de paiement ou que vous \u00e9valuiez de nouveaux fournisseurs de paiement, ce guide vous aidera \u00e0 poser les bonnes questions et \u00e0 prendre une d\u00e9cision \u00e9clair\u00e9e. Dans ce guide, nous vous aidons \u00e0 comprendre : Pourquoi le moment est venu d&rsquo;adopter Pay by Bank et les paiements A2A instantan\u00e9s Quelles questions inclure dans votre appel d&rsquo;offres, des exigences commerciales aux capacit\u00e9s techniques Comment \u00e9valuer les offres des fournisseurs en mati\u00e8re d&rsquo;int\u00e9gration, de r\u00e9conciliation et d&rsquo;\u00e9volutivit\u00e9 Les crit\u00e8res cl\u00e9s d&rsquo;un fournisseur de paiement p\u00e9renne<\/p>\n","protected":false},"author":35,"featured_media":25702,"parent":0,"menu_order":0,"comment_status":"closed","ping_status":"closed","template":"","meta":{"_acf_changed":false,"content-type":"","footnotes":""},"class_list":["post-25727","page","type-page","status-publish","has-post-thumbnail","hentry"],"acf":[],"_links":{"self":[{"href":"https:\/\/britepayments.com\/fr\/wp-json\/wp\/v2\/pages\/25727","targetHints":{"allow":["GET"]}}],"collection":[{"href":"https:\/\/britepayments.com\/fr\/wp-json\/wp\/v2\/pages"}],"about":[{"href":"https:\/\/britepayments.com\/fr\/wp-json\/wp\/v2\/types\/page"}],"author":[{"embeddable":true,"href":"https:\/\/britepayments.com\/fr\/wp-json\/wp\/v2\/users\/35"}],"replies":[{"embeddable":true,"href":"https:\/\/britepayments.com\/fr\/wp-json\/wp\/v2\/comments?post=25727"}],"version-history":[{"count":7,"href":"https:\/\/britepayments.com\/fr\/wp-json\/wp\/v2\/pages\/25727\/revisions"}],"predecessor-version":[{"id":45941,"href":"https:\/\/britepayments.com\/fr\/wp-json\/wp\/v2\/pages\/25727\/revisions\/45941"}],"wp:featuredmedia":[{"embeddable":true,"href":"https:\/\/britepayments.com\/fr\/wp-json\/wp\/v2\/media\/25702"}],"wp:attachment":[{"href":"https:\/\/britepayments.com\/fr\/wp-json\/wp\/v2\/media?parent=25727"}],"curies":[{"name":"wp","href":"https:\/\/api.w.org\/{rel}","templated":true}]}}